{"id":68321,"date":"2025-05-19T14:41:41","date_gmt":"2025-05-19T14:41:41","guid":{"rendered":"https:\/\/www.power2max.com\/product\/ng-sram-power-meter-track\/"},"modified":"2025-10-24T23:30:55","modified_gmt":"2025-10-24T23:30:55","slug":"ng-sram-power-meter-track","status":"publish","type":"product","link":"https:\/\/www.power2max.com\/it\/prodotto\/ng-sram-power-meter-track\/","title":{"rendered":"NG SRAM misuratore di potenza pista"},"content":{"rendered":"<p>Abbiamo sviluppato un nuovo misuratore di potenza TRACK (p2m), compatibile con diverse interfacce a 3 fori. Pu\u00f2 essere utilizzato con pedivelle SRAM, Praxis Works e TA. La linea catena \u00e8 di circa 42 mm ed \u00e8 regolabile tramite il p2m. Il diametro del girobulloni (BCD) \u00e8 144 mm.<\/p>\n","protected":false},"excerpt":{"rendered":"<p>Abbiamo sviluppato un nuovo misuratore di potenza TRACK (p2m), compatibile con diverse interfacce a 3 fori. Pu\u00f2 essere utilizzato con [&hellip;]<\/p>\n","protected":false},"featured_media":0,"comment_status":"open","ping_status":"closed","template":"","meta":[],"product_brand":[],"product_cat":[440,453],"product_tag":[],"model":[],"class_list":{"0":"post-68321","1":"product","2":"type-product","3":"status-publish","5":"product_cat-31-it","6":"product_cat-power-meter-it","8":"first","9":"instock","10":"taxable","11":"shipping-taxable","12":"purchasable","13":"product-type-simple"},"acf":[],"_links":{"self":[{"href":"https:\/\/www.power2max.com\/it\/wp-json\/wp\/v2\/product\/68321","targetHints":{"allow":["GET"]}}],"collection":[{"href":"https:\/\/www.power2max.com\/it\/wp-json\/wp\/v2\/product"}],"about":[{"href":"https:\/\/www.power2max.com\/it\/wp-json\/wp\/v2\/types\/product"}],"replies":[{"embeddable":true,"href":"https:\/\/www.power2max.com\/it\/wp-json\/wp\/v2\/comments?post=68321"}],"wp:attachment":[{"href":"https:\/\/www.power2max.com\/it\/wp-json\/wp\/v2\/media?parent=68321"}],"wp:term":[{"taxonomy":"product_brand","embeddable":true,"href":"https:\/\/www.power2max.com\/it\/wp-json\/wp\/v2\/product_brand?post=68321"},{"taxonomy":"product_cat","embeddable":true,"href":"https:\/\/www.power2max.com\/it\/wp-json\/wp\/v2\/product_cat?post=68321"},{"taxonomy":"product_tag","embeddable":true,"href":"https:\/\/www.power2max.com\/it\/wp-json\/wp\/v2\/product_tag?post=68321"},{"taxonomy":"model","embeddable":true,"href":"https:\/\/www.power2max.com\/it\/wp-json\/wp\/v2\/model?post=68321"}],"curies":[{"name":"wp","href":"https:\/\/api.w.org\/{rel}","templated":true}]}}