{"id":6301,"date":"2017-12-13T15:23:09","date_gmt":"2017-12-13T15:23:09","guid":{"rendered":"https:\/\/www.power2max.com\/product\/misuratore-di-potenza-ngeco-mtb-race-face-singolo-standard\/"},"modified":"2025-11-03T17:25:21","modified_gmt":"2025-11-03T17:25:21","slug":"misuratore-di-potenza-ngeco-mtb-race-face-singolo-standard","status":"publish","type":"product","link":"https:\/\/www.power2max.com\/it\/prodotto\/misuratore-di-potenza-ngeco-mtb-race-face-singolo-standard\/","title":{"rendered":"Misuratore di potenza NGeco MTB Race Face singolo"},"content":{"rendered":"<p>Lo spider del misuratore di potenza NGeco MTB Race Face (standard) \u00e8 il misuratore di potenza per tutti i mountaibikers che gi\u00e0 usano una guarnitura singola Race Face con standard CINCH. <strong>Ques to Powermeter pu\u00f2 essere utilizzato per catene standard e boost.\u00a0<\/strong>Nota: questo Powermeter sostituisce l&#8217;ingranaggio a montaggio diretto. Per utilizzare il Powermeter, \u00e8 necessario un nuovo ingranaggio con un cerchio di 104 mm e i relativi bulloni dell&#8217;ingranaggio.<\/p>\n<p><strong>Le funzioni Equilibrio e Scorrevolezza del pedale sono gi\u00e0 attivate.<\/strong><\/p>\n","protected":false},"excerpt":{"rendered":"<p>Lo spider del misuratore di potenza NGeco MTB Race Face (standard) \u00e8 il misuratore di potenza per tutti i mountaibikers [&hellip;]<\/p>\n","protected":false},"featured_media":0,"comment_status":"open","ping_status":"closed","template":"","meta":[],"product_brand":[],"product_cat":[437,453],"product_tag":[],"model":[157],"class_list":{"0":"post-6301","1":"product","2":"type-product","3":"status-publish","5":"product_cat-22-it","6":"product_cat-power-meter-it","7":"model-race-face","9":"first","10":"instock","11":"taxable","12":"shipping-taxable","13":"purchasable","14":"product-type-simple"},"acf":[],"_links":{"self":[{"href":"https:\/\/www.power2max.com\/it\/wp-json\/wp\/v2\/product\/6301","targetHints":{"allow":["GET"]}}],"collection":[{"href":"https:\/\/www.power2max.com\/it\/wp-json\/wp\/v2\/product"}],"about":[{"href":"https:\/\/www.power2max.com\/it\/wp-json\/wp\/v2\/types\/product"}],"replies":[{"embeddable":true,"href":"https:\/\/www.power2max.com\/it\/wp-json\/wp\/v2\/comments?post=6301"}],"wp:attachment":[{"href":"https:\/\/www.power2max.com\/it\/wp-json\/wp\/v2\/media?parent=6301"}],"wp:term":[{"taxonomy":"product_brand","embeddable":true,"href":"https:\/\/www.power2max.com\/it\/wp-json\/wp\/v2\/product_brand?post=6301"},{"taxonomy":"product_cat","embeddable":true,"href":"https:\/\/www.power2max.com\/it\/wp-json\/wp\/v2\/product_cat?post=6301"},{"taxonomy":"product_tag","embeddable":true,"href":"https:\/\/www.power2max.com\/it\/wp-json\/wp\/v2\/product_tag?post=6301"},{"taxonomy":"model","embeddable":true,"href":"https:\/\/www.power2max.com\/it\/wp-json\/wp\/v2\/model?post=6301"}],"curies":[{"name":"wp","href":"https:\/\/api.w.org\/{rel}","templated":true}]}}