{"id":62227,"date":"2023-11-03T14:04:08","date_gmt":"2023-11-03T14:04:08","guid":{"rendered":"https:\/\/www.power2max.com\/product\/ngeco-open-source-misuratore-di-potenza-strada\/"},"modified":"2025-10-30T09:17:33","modified_gmt":"2025-10-30T09:17:33","slug":"ngeco-open-source-misuratore-di-potenza-strada","status":"publish","type":"product","link":"https:\/\/www.power2max.com\/it\/prodotto\/ngeco-open-source-misuratore-di-potenza-strada\/","title":{"rendered":"NGeco Open Source misuratore di potenza strada"},"content":{"rendered":"<p>Il vantaggio rispetto alle soluzioni esistenti \u00e8 la completa libert\u00e0 di progettazione del supporto per il misuratore di potenza o l&#8217;ingranaggio. Per il settore stradale \u00e8 disponibile il cerchio di fissaggio da 110 mm con 4 fori, mentre per il settore MTB \u00e8 disponibile il cerchio di fissaggio da 104 mm. I dati CAD (corpo del powermeter, manichino dell&#8217;adattatore) sono disponibili nell&#8217; <a href=\"https:\/\/www.power2max.com\/wp-content\/uploads\/2023\/11\/open-source.zip\">area download<\/a>.<\/p>\n<p><strong>Le due funzioni Balance e Pedal Smoothness sono gi\u00e0 attivate.<\/strong><\/p>\n","protected":false},"excerpt":{"rendered":"<p>Il vantaggio rispetto alle soluzioni esistenti \u00e8 la completa libert\u00e0 di progettazione del supporto per il misuratore di potenza o [&hellip;]<\/p>\n","protected":false},"featured_media":0,"comment_status":"open","ping_status":"closed","template":"","meta":[],"product_brand":[],"product_cat":[433,453],"product_tag":[],"model":[855],"class_list":{"0":"post-62227","1":"product","2":"type-product","3":"status-publish","5":"product_cat-12-it","6":"product_cat-power-meter-it","7":"model-open-source","9":"first","10":"instock","11":"taxable","12":"shipping-taxable","13":"purchasable","14":"product-type-simple"},"acf":[],"_links":{"self":[{"href":"https:\/\/www.power2max.com\/it\/wp-json\/wp\/v2\/product\/62227","targetHints":{"allow":["GET"]}}],"collection":[{"href":"https:\/\/www.power2max.com\/it\/wp-json\/wp\/v2\/product"}],"about":[{"href":"https:\/\/www.power2max.com\/it\/wp-json\/wp\/v2\/types\/product"}],"replies":[{"embeddable":true,"href":"https:\/\/www.power2max.com\/it\/wp-json\/wp\/v2\/comments?post=62227"}],"wp:attachment":[{"href":"https:\/\/www.power2max.com\/it\/wp-json\/wp\/v2\/media?parent=62227"}],"wp:term":[{"taxonomy":"product_brand","embeddable":true,"href":"https:\/\/www.power2max.com\/it\/wp-json\/wp\/v2\/product_brand?post=62227"},{"taxonomy":"product_cat","embeddable":true,"href":"https:\/\/www.power2max.com\/it\/wp-json\/wp\/v2\/product_cat?post=62227"},{"taxonomy":"product_tag","embeddable":true,"href":"https:\/\/www.power2max.com\/it\/wp-json\/wp\/v2\/product_tag?post=62227"},{"taxonomy":"model","embeddable":true,"href":"https:\/\/www.power2max.com\/it\/wp-json\/wp\/v2\/model?post=62227"}],"curies":[{"name":"wp","href":"https:\/\/api.w.org\/{rel}","templated":true}]}}