{"id":59720,"date":"2023-05-09T19:03:20","date_gmt":"2023-05-10T12:45:39","guid":{"rendered":"https:\/\/www.power2max.com\/product\/attivazione-la-pedal-smootheness\/"},"modified":"2026-04-16T22:50:40","modified_gmt":"2026-04-16T22:50:40","slug":"attivazione-la-pedal-smootheness","status":"publish","type":"product","link":"https:\/\/www.power2max.com\/it\/prodotto\/attivazione-la-pedal-smootheness\/","title":{"rendered":"Attivazione La Pedal Smootheness"},"content":{"rendered":"<p>La scorrevolezza del pedale indica l&#8217;uniformit\u00e0 della trasmissione della potenza durante un giro di pedivella. \u00c8 un buon indicatore del &#8220;calcio rotondo&#8221;. Con questa opzione, la funzione Pedal Smoothness \u00e8 installata in fabbrica sul misuratore di potenza.<\/p>\n","protected":false},"excerpt":{"rendered":"<p>La scorrevolezza del pedale indica l&#8217;uniformit\u00e0 della trasmissione della potenza durante un giro di pedivella. \u00c8 un buon indicatore del [&hellip;]<\/p>\n","protected":false},"featured_media":0,"comment_status":"open","ping_status":"closed","template":"","meta":[],"product_brand":[],"product_cat":[427],"product_tag":[],"model":[],"class_list":{"0":"post-59720","1":"product","2":"type-product","3":"status-publish","5":"product_cat-6-it","7":"first","8":"instock","9":"taxable","10":"shipping-taxable","11":"purchasable","12":"product-type-variable"},"acf":[],"_links":{"self":[{"href":"https:\/\/www.power2max.com\/it\/wp-json\/wp\/v2\/product\/59720","targetHints":{"allow":["GET"]}}],"collection":[{"href":"https:\/\/www.power2max.com\/it\/wp-json\/wp\/v2\/product"}],"about":[{"href":"https:\/\/www.power2max.com\/it\/wp-json\/wp\/v2\/types\/product"}],"replies":[{"embeddable":true,"href":"https:\/\/www.power2max.com\/it\/wp-json\/wp\/v2\/comments?post=59720"}],"wp:attachment":[{"href":"https:\/\/www.power2max.com\/it\/wp-json\/wp\/v2\/media?parent=59720"}],"wp:term":[{"taxonomy":"product_brand","embeddable":true,"href":"https:\/\/www.power2max.com\/it\/wp-json\/wp\/v2\/product_brand?post=59720"},{"taxonomy":"product_cat","embeddable":true,"href":"https:\/\/www.power2max.com\/it\/wp-json\/wp\/v2\/product_cat?post=59720"},{"taxonomy":"product_tag","embeddable":true,"href":"https:\/\/www.power2max.com\/it\/wp-json\/wp\/v2\/product_tag?post=59720"},{"taxonomy":"model","embeddable":true,"href":"https:\/\/www.power2max.com\/it\/wp-json\/wp\/v2\/model?post=59720"}],"curies":[{"name":"wp","href":"https:\/\/api.w.org\/{rel}","templated":true}]}}