{"id":55954,"date":"2022-10-05T10:17:20","date_gmt":"2022-10-05T10:17:20","guid":{"rendered":"https:\/\/www.power2max.com\/product\/set-ng-g-x-rotor-aldhu-r-24\/"},"modified":"2025-10-24T23:30:06","modified_gmt":"2025-10-24T23:30:06","slug":"set-ng-g-x-rotor-aldhu-r-24","status":"publish","type":"product","link":"https:\/\/www.power2max.com\/it\/prodotto\/set-ng-g-x-rotor-aldhu-r-24\/","title":{"rendered":"Set NG G-X Rotor ALDHU-R 24"},"content":{"rendered":"<p>Il set NG G-X Rotor ALDHU-R 24 \u00e8 composto dal nostro NG Powermeter per una misurazione completa della potenza su due lati e dalla guarnitura Rotor ALDHU-R 24.<\/p>\n<p>Il Powermeter NG Gravel vi garantisce la massima qualit\u00e0 nella misurazione della potenza per la vostra prossima avventura su sterrato. La nostra versione G-X \u00e8 stata progettata appositamente per l&#8217;uso con gli ingranaggi Shimano GRX ed \u00e8 compatibile con i modelli 1x e 2x. La batteria ricaricabile integrata ha un&#8217;autonomia di circa 80 ore di funzionamento e pu\u00f2 essere comodamente ricaricata tramite il cavo di ricarica in dotazione. La calibrazione dinamica con una precisione di +\/-1% fa parte della dotazione standard, cos\u00ec come la misurazione della cadenza e la trasmissione dei dati relativi al bilanciamento destra-sinistra e alla scorrevolezza della pedalata al computer della bicicletta.<\/p>\n<p>La guarnitura Rotor ALDHU-R 24 non scende a compromessi in termini di peso e rigidit\u00e0. La pedivella in alluminio lavorato a macchina e forato \u00e8 robusta e si trova a suo agio sia sullo sterrato che sull&#8217;asfalto. L&#8217;asse da 24 mm della guarnitura \u00e8 compatibile con i movimenti centrali Shimano Hollowtech II.<\/p>\n","protected":false},"excerpt":{"rendered":"<p>Il set NG G-X Rotor ALDHU-R 24 \u00e8 composto dal nostro NG Powermeter per una misurazione completa della potenza su [&hellip;]<\/p>\n","protected":false},"featured_media":0,"comment_status":"open","ping_status":"closed","template":"","meta":[],"product_brand":[],"product_cat":[585,453],"product_tag":[],"model":[552],"class_list":{"0":"post-55954","1":"product","2":"type-product","3":"status-publish","5":"product_cat-201-it","6":"product_cat-power-meter-it","7":"model-shimano","9":"first","10":"instock","11":"taxable","12":"shipping-taxable","13":"purchasable","14":"product-type-simple"},"acf":[],"_links":{"self":[{"href":"https:\/\/www.power2max.com\/it\/wp-json\/wp\/v2\/product\/55954","targetHints":{"allow":["GET"]}}],"collection":[{"href":"https:\/\/www.power2max.com\/it\/wp-json\/wp\/v2\/product"}],"about":[{"href":"https:\/\/www.power2max.com\/it\/wp-json\/wp\/v2\/types\/product"}],"replies":[{"embeddable":true,"href":"https:\/\/www.power2max.com\/it\/wp-json\/wp\/v2\/comments?post=55954"}],"wp:attachment":[{"href":"https:\/\/www.power2max.com\/it\/wp-json\/wp\/v2\/media?parent=55954"}],"wp:term":[{"taxonomy":"product_brand","embeddable":true,"href":"https:\/\/www.power2max.com\/it\/wp-json\/wp\/v2\/product_brand?post=55954"},{"taxonomy":"product_cat","embeddable":true,"href":"https:\/\/www.power2max.com\/it\/wp-json\/wp\/v2\/product_cat?post=55954"},{"taxonomy":"product_tag","embeddable":true,"href":"https:\/\/www.power2max.com\/it\/wp-json\/wp\/v2\/product_tag?post=55954"},{"taxonomy":"model","embeddable":true,"href":"https:\/\/www.power2max.com\/it\/wp-json\/wp\/v2\/model?post=55954"}],"curies":[{"name":"wp","href":"https:\/\/api.w.org\/{rel}","templated":true}]}}