{"id":54699,"date":"2022-07-28T12:19:41","date_gmt":"2022-07-28T12:19:41","guid":{"rendered":"https:\/\/www.power2max.com\/product\/set-misuratore-di-potenza-ngeco-g-x-doppia-rotor-power2max-edition\/"},"modified":"2025-11-05T16:44:22","modified_gmt":"2025-11-05T16:44:22","slug":"set-misuratore-di-potenza-ngeco-g-x-doppia-rotor-power2max-edition","status":"publish","type":"product","link":"https:\/\/www.power2max.com\/it\/prodotto\/set-misuratore-di-potenza-ngeco-g-x-doppia-rotor-power2max-edition\/","title":{"rendered":"Set Misuratore di Potenza NGeco G-X universale Rotor power2max Edition"},"content":{"rendered":"<p>l set NGeco G-X Rotor power2max-Edition consiste nel nostro NGeco Powermeter per la misurazione completa della potenza bilaterale e la guarnitura Rotor power2max Edition.<\/p>\n<p><strong>La nostra versione G-X \u00e8 stata progettata appositamente per l&#8217;utilizzo con gli ingranaggi Shimano 1x o 2x GRX.<\/strong> La guarnitura Rotor power2max-Edition \u00e8 il miglior compromesso tra peso e prezzo. La pedivella in alluminio forgiata e forata \u00e8 resistente e adatta ad ogni avventura su Gravel. L&#8217;asse da 24 mm della guarnitura \u00e8 compatibile con i movimenti centrali Shimano Hollowtech II.<\/p>\n<p><strong>Le funzioni \u201cBalance\u201d e \u201cPedal Smoothness\u201d sono gi\u00e0 attivate.<\/strong><\/p>\n<p>&nbsp;<\/p>\n","protected":false},"excerpt":{"rendered":"<p>l set NGeco G-X Rotor power2max-Edition consiste nel nostro NGeco Powermeter per la misurazione completa della potenza bilaterale e la [&hellip;]<\/p>\n","protected":false},"featured_media":0,"comment_status":"open","ping_status":"closed","template":"","meta":[],"product_brand":[],"product_cat":[586,453],"product_tag":[],"model":[552],"class_list":{"0":"post-54699","1":"product","2":"type-product","3":"status-publish","5":"product_cat-202-it","6":"product_cat-power-meter-it","7":"model-shimano","9":"first","10":"instock","11":"taxable","12":"shipping-taxable","13":"purchasable","14":"product-type-simple"},"acf":[],"_links":{"self":[{"href":"https:\/\/www.power2max.com\/it\/wp-json\/wp\/v2\/product\/54699","targetHints":{"allow":["GET"]}}],"collection":[{"href":"https:\/\/www.power2max.com\/it\/wp-json\/wp\/v2\/product"}],"about":[{"href":"https:\/\/www.power2max.com\/it\/wp-json\/wp\/v2\/types\/product"}],"replies":[{"embeddable":true,"href":"https:\/\/www.power2max.com\/it\/wp-json\/wp\/v2\/comments?post=54699"}],"wp:attachment":[{"href":"https:\/\/www.power2max.com\/it\/wp-json\/wp\/v2\/media?parent=54699"}],"wp:term":[{"taxonomy":"product_brand","embeddable":true,"href":"https:\/\/www.power2max.com\/it\/wp-json\/wp\/v2\/product_brand?post=54699"},{"taxonomy":"product_cat","embeddable":true,"href":"https:\/\/www.power2max.com\/it\/wp-json\/wp\/v2\/product_cat?post=54699"},{"taxonomy":"product_tag","embeddable":true,"href":"https:\/\/www.power2max.com\/it\/wp-json\/wp\/v2\/product_tag?post=54699"},{"taxonomy":"model","embeddable":true,"href":"https:\/\/www.power2max.com\/it\/wp-json\/wp\/v2\/model?post=54699"}],"curies":[{"name":"wp","href":"https:\/\/api.w.org\/{rel}","templated":true}]}}