{"id":54698,"date":"2022-07-28T12:19:42","date_gmt":"2022-07-28T12:19:42","guid":{"rendered":"https:\/\/www.power2max.com\/product\/set-misuratore-di-potenza-ngeco-g-x-doppia-rotor-aldhu-r-24\/"},"modified":"2025-11-05T10:29:45","modified_gmt":"2025-11-05T10:29:45","slug":"set-misuratore-di-potenza-ngeco-g-x-doppia-rotor-aldhu-r-24","status":"publish","type":"product","link":"https:\/\/www.power2max.com\/it\/prodotto\/set-misuratore-di-potenza-ngeco-g-x-doppia-rotor-aldhu-r-24\/","title":{"rendered":"Set Misuratore di Potenza NGeco G-X universale Rotor ALDHU-R 24"},"content":{"rendered":"<p>Il set NGeco G-X universale Rotor ALDHU-R 24 consiste nel nostro NGeco Powermeter per la misurazione completa della potenza su due lati e la guarnitura Rotor ALDHU-R 24.<\/p>\n<p><strong>La nostra versione G-X \u00e8 stata progettata appositamente per l&#8217;uso con gli ingranaggi Shimano GRX ed \u00e8 compatibile con i modelli 1x e 2x<\/strong>. La guarnitura Rotor ALDHU-R 24 non scende a compromessi su peso e rigidit\u00e0. La pedivella in alluminio fresata a cnc e forata \u00e8 robusta e a suo agio sia su ghiaia che su asfalto. L&#8217;asse da 24 mm della guarnitura \u00e8 compatibile con i movimenti centrali Shimano Hollowtech II.<\/p>\n<p><strong>Le funzioni \u201cBalance\u201d e \u201cPedal Smoothness\u201d sono gi\u00e0 attivate.<\/strong><\/p>\n","protected":false},"excerpt":{"rendered":"<p>Il set NGeco G-X universale Rotor ALDHU-R 24 consiste nel nostro NGeco Powermeter per la misurazione completa della potenza su [&hellip;]<\/p>\n","protected":false},"featured_media":0,"comment_status":"open","ping_status":"closed","template":"","meta":[],"product_brand":[],"product_cat":[586,453],"product_tag":[],"model":[],"class_list":{"0":"post-54698","1":"product","2":"type-product","3":"status-publish","5":"product_cat-202-it","6":"product_cat-power-meter-it","8":"first","9":"instock","10":"taxable","11":"shipping-taxable","12":"purchasable","13":"product-type-simple"},"acf":[],"_links":{"self":[{"href":"https:\/\/www.power2max.com\/it\/wp-json\/wp\/v2\/product\/54698","targetHints":{"allow":["GET"]}}],"collection":[{"href":"https:\/\/www.power2max.com\/it\/wp-json\/wp\/v2\/product"}],"about":[{"href":"https:\/\/www.power2max.com\/it\/wp-json\/wp\/v2\/types\/product"}],"replies":[{"embeddable":true,"href":"https:\/\/www.power2max.com\/it\/wp-json\/wp\/v2\/comments?post=54698"}],"wp:attachment":[{"href":"https:\/\/www.power2max.com\/it\/wp-json\/wp\/v2\/media?parent=54698"}],"wp:term":[{"taxonomy":"product_brand","embeddable":true,"href":"https:\/\/www.power2max.com\/it\/wp-json\/wp\/v2\/product_brand?post=54698"},{"taxonomy":"product_cat","embeddable":true,"href":"https:\/\/www.power2max.com\/it\/wp-json\/wp\/v2\/product_cat?post=54698"},{"taxonomy":"product_tag","embeddable":true,"href":"https:\/\/www.power2max.com\/it\/wp-json\/wp\/v2\/product_tag?post=54698"},{"taxonomy":"model","embeddable":true,"href":"https:\/\/www.power2max.com\/it\/wp-json\/wp\/v2\/model?post=54698"}],"curies":[{"name":"wp","href":"https:\/\/api.w.org\/{rel}","templated":true}]}}