{"id":38972,"date":"2020-09-21T15:09:43","date_gmt":"2020-09-21T15:09:43","guid":{"rendered":"https:\/\/www.power2max.com\/product\/set-ng-road-power2max-granfondo\/"},"modified":"2025-10-24T23:30:33","modified_gmt":"2025-10-24T23:30:33","slug":"set-ng-road-power2max-granfondo","status":"publish","type":"product","link":"https:\/\/www.power2max.com\/it\/prodotto\/set-ng-road-power2max-granfondo\/","title":{"rendered":"Set NG Road power2max GranFondo"},"content":{"rendered":"<p>Il misuratore di potenza power2max NG con pedivelle power2max GranFondo \u00e8 l&#8217; ideale approccio alla misurazione della potenza su una bici da strada. <\/p>\n<p>Il nostro NG \u00e8 stato provato e testato nel World Tour e ha gi\u00e0 portato molti professionisti a numerose vittorie nelle gare pi\u00f9 importanti del mondo. Come tutti i misuratori di potenza power2max, NG misura la potenza totale di entrambe le gambe e la cadenza senza un sensore di cadenza aggiuntivo. Le pedivelle power2max GranFondo pesano solo 724g insieme al misuratore di potenza. Questo le rende la prima scelta per coloro che apprezzano un eccellente rapporto qualit\u00e0-prezzo o che cercano un approccio economico per una misurazione della potenza completa di entrambe le gambe.<\/p>\n<p>Il perno da 24 mm delle pedivelle GranFondo \u00e8 stato sviluppato per il movimento centrale Shimano Hollowtech II e consente quindi di sostituire rapidamente e facilmente tutte le pedivelle Shimano per bici da strada. Se vuoi continuare a utilizzare le tue corone Shimano Dura Ace, Ultegra o 105 a 4 bracci, puoi scegliere la nostra versione 110 4-S. Questa configurazione consente di mantenere le prestazioni di cambiata ottimali.<\/p>\n<p><b>Contenuto della confezione:<\/b>\u00a0Misuratore di Potenza con coperchio in silicone, Guida rapida, Cavo per caricare, Anello colorato 2D, Pedivelle<\/p>\n","protected":false},"excerpt":{"rendered":"<p>Il misuratore di potenza power2max NG con pedivelle power2max GranFondo \u00e8 l&#8217; ideale approccio alla misurazione della potenza su una [&hellip;]<\/p>\n","protected":false},"featured_media":0,"comment_status":"open","ping_status":"closed","template":"","meta":[],"product_brand":[],"product_cat":[432,453],"product_tag":[],"model":[],"class_list":{"0":"post-38972","1":"product","2":"type-product","3":"status-publish","5":"product_cat-11-it","6":"product_cat-power-meter-it","8":"first","9":"instock","10":"taxable","11":"shipping-taxable","12":"purchasable","13":"product-type-simple"},"acf":[],"_links":{"self":[{"href":"https:\/\/www.power2max.com\/it\/wp-json\/wp\/v2\/product\/38972","targetHints":{"allow":["GET"]}}],"collection":[{"href":"https:\/\/www.power2max.com\/it\/wp-json\/wp\/v2\/product"}],"about":[{"href":"https:\/\/www.power2max.com\/it\/wp-json\/wp\/v2\/types\/product"}],"replies":[{"embeddable":true,"href":"https:\/\/www.power2max.com\/it\/wp-json\/wp\/v2\/comments?post=38972"}],"wp:attachment":[{"href":"https:\/\/www.power2max.com\/it\/wp-json\/wp\/v2\/media?parent=38972"}],"wp:term":[{"taxonomy":"product_brand","embeddable":true,"href":"https:\/\/www.power2max.com\/it\/wp-json\/wp\/v2\/product_brand?post=38972"},{"taxonomy":"product_cat","embeddable":true,"href":"https:\/\/www.power2max.com\/it\/wp-json\/wp\/v2\/product_cat?post=38972"},{"taxonomy":"product_tag","embeddable":true,"href":"https:\/\/www.power2max.com\/it\/wp-json\/wp\/v2\/product_tag?post=38972"},{"taxonomy":"model","embeddable":true,"href":"https:\/\/www.power2max.com\/it\/wp-json\/wp\/v2\/model?post=38972"}],"curies":[{"name":"wp","href":"https:\/\/api.w.org\/{rel}","templated":true}]}}