{"id":36918,"date":"2020-07-27T14:21:45","date_gmt":"2020-07-27T14:21:45","guid":{"rendered":"https:\/\/www.power2max.com\/product\/ngeco-gravel-rotor-power2max-edition\/"},"modified":"2026-01-09T07:00:45","modified_gmt":"2026-01-09T07:00:45","slug":"ngeco-gravel-rotor-power2max-edition","status":"publish","type":"product","link":"https:\/\/www.power2max.com\/it\/prodotto\/ngeco-gravel-rotor-power2max-edition\/","title":{"rendered":"NGeco Gravel Rotor power2max-Edition"},"content":{"rendered":"<p>Il Set NGeco Gravel Rotor power2max-Edition consiste nel nostro misuratore di potenza NGeco per misurare la potenza totale di entrambe le gambe, le nuove pedivelle Rotor Direct Mount nell\u2019 esclusivo power2max design e il set di corone power2max Gravel per cambi 2x.<\/p>\n<p>Il set pedivelle e corone power2max sono l\u2019opportunit\u00e0 perfetta per sostituire le tue pedivelle GRX con un misuratore di potenza. Il set \u00e8 compatibile con i movimenti centrali standard Shimano Hollowtech2. Sostituire le tue vecchie pedivelle \u00e8 molto semplice e non sono necessari strumenti particolari.<\/p>\n<p>Le funzioni \u201cBalance\u201d e \u201cPedal Smoothness\u201d sono gi\u00e0 attivate.<\/p>\n","protected":false},"excerpt":{"rendered":"<p>Il Set NGeco Gravel Rotor power2max-Edition consiste nel nostro misuratore di potenza NGeco per misurare la potenza totale di entrambe [&hellip;]<\/p>\n","protected":false},"featured_media":0,"comment_status":"open","ping_status":"closed","template":"","meta":[],"product_brand":[],"product_cat":[586,453],"product_tag":[],"model":[],"class_list":{"0":"post-36918","1":"product","2":"type-product","3":"status-publish","5":"product_cat-202-it","6":"product_cat-power-meter-it","8":"first","9":"instock","10":"taxable","11":"shipping-taxable","12":"purchasable","13":"product-type-simple"},"acf":[],"_links":{"self":[{"href":"https:\/\/www.power2max.com\/it\/wp-json\/wp\/v2\/product\/36918","targetHints":{"allow":["GET"]}}],"collection":[{"href":"https:\/\/www.power2max.com\/it\/wp-json\/wp\/v2\/product"}],"about":[{"href":"https:\/\/www.power2max.com\/it\/wp-json\/wp\/v2\/types\/product"}],"replies":[{"embeddable":true,"href":"https:\/\/www.power2max.com\/it\/wp-json\/wp\/v2\/comments?post=36918"}],"wp:attachment":[{"href":"https:\/\/www.power2max.com\/it\/wp-json\/wp\/v2\/media?parent=36918"}],"wp:term":[{"taxonomy":"product_brand","embeddable":true,"href":"https:\/\/www.power2max.com\/it\/wp-json\/wp\/v2\/product_brand?post=36918"},{"taxonomy":"product_cat","embeddable":true,"href":"https:\/\/www.power2max.com\/it\/wp-json\/wp\/v2\/product_cat?post=36918"},{"taxonomy":"product_tag","embeddable":true,"href":"https:\/\/www.power2max.com\/it\/wp-json\/wp\/v2\/product_tag?post=36918"},{"taxonomy":"model","embeddable":true,"href":"https:\/\/www.power2max.com\/it\/wp-json\/wp\/v2\/model?post=36918"}],"curies":[{"name":"wp","href":"https:\/\/api.w.org\/{rel}","templated":true}]}}