{"id":36914,"date":"2020-07-27T14:22:07","date_gmt":"2020-07-27T14:22:07","guid":{"rendered":"https:\/\/www.power2max.com\/product\/ng-gravel-rotor-power2max-edition\/"},"modified":"2025-10-24T23:29:56","modified_gmt":"2025-10-24T23:29:56","slug":"ng-gravel-rotor-power2max-edition","status":"publish","type":"product","link":"https:\/\/www.power2max.com\/it\/prodotto\/ng-gravel-rotor-power2max-edition\/","title":{"rendered":"NG Gravel Rotor power2max-Edition"},"content":{"rendered":"<p>Il Set NG Gravel Rotor power2max-Edition consiste nel nostro misuratore di potenza NG per misurare la potenza totale di entrambe le gambe, le nuove pedivelle Rotor Direct Mount nell\u2019 esclusivo power2max design e il set di corone power2max Gravel per cambi 2x.<\/p>\n<p>Il set pedivelle e corone power2max sono l\u2019opportunit\u00e0 perfetta per sostituire le tue pedivelle GRX con un misuratore di potenza. Il set \u00e8 compatibile con i movimenti centrali standard Shimano Hollowtech2. Sostituire le tue vecchie pedivelle \u00e8 molto semplice e non sono necessari strumenti particolari.<\/p>\n","protected":false},"excerpt":{"rendered":"<p>Il Set NG Gravel Rotor power2max-Edition consiste nel nostro misuratore di potenza NG per misurare la potenza totale di entrambe [&hellip;]<\/p>\n","protected":false},"featured_media":0,"comment_status":"open","ping_status":"closed","template":"","meta":[],"product_brand":[],"product_cat":[585,453],"product_tag":[],"model":[552],"class_list":{"0":"post-36914","1":"product","2":"type-product","3":"status-publish","5":"product_cat-201-it","6":"product_cat-power-meter-it","7":"model-shimano","9":"first","10":"instock","11":"taxable","12":"shipping-taxable","13":"purchasable","14":"product-type-simple"},"acf":[],"_links":{"self":[{"href":"https:\/\/www.power2max.com\/it\/wp-json\/wp\/v2\/product\/36914","targetHints":{"allow":["GET"]}}],"collection":[{"href":"https:\/\/www.power2max.com\/it\/wp-json\/wp\/v2\/product"}],"about":[{"href":"https:\/\/www.power2max.com\/it\/wp-json\/wp\/v2\/types\/product"}],"replies":[{"embeddable":true,"href":"https:\/\/www.power2max.com\/it\/wp-json\/wp\/v2\/comments?post=36914"}],"wp:attachment":[{"href":"https:\/\/www.power2max.com\/it\/wp-json\/wp\/v2\/media?parent=36914"}],"wp:term":[{"taxonomy":"product_brand","embeddable":true,"href":"https:\/\/www.power2max.com\/it\/wp-json\/wp\/v2\/product_brand?post=36914"},{"taxonomy":"product_cat","embeddable":true,"href":"https:\/\/www.power2max.com\/it\/wp-json\/wp\/v2\/product_cat?post=36914"},{"taxonomy":"product_tag","embeddable":true,"href":"https:\/\/www.power2max.com\/it\/wp-json\/wp\/v2\/product_tag?post=36914"},{"taxonomy":"model","embeddable":true,"href":"https:\/\/www.power2max.com\/it\/wp-json\/wp\/v2\/model?post=36914"}],"curies":[{"name":"wp","href":"https:\/\/api.w.org\/{rel}","templated":true}]}}