{"id":18346,"date":"2018-10-17T10:41:24","date_gmt":"2018-10-17T14:13:57","guid":{"rendered":"https:\/\/www.power2max.com\/product\/pedivelle-rotor-aldhu\/"},"modified":"2026-05-01T16:24:50","modified_gmt":"2026-05-01T16:24:50","slug":"pedivelle-rotor-aldhu","status":"publish","type":"product","link":"https:\/\/www.power2max.com\/it\/prodotto\/pedivelle-rotor-aldhu\/","title":{"rendered":"Pedivelle Rotor ALDHU"},"content":{"rendered":"<p>Il design modulare della guarnitura Rotor ALDHU la rende la base ideale per la misurazione della potenza basata sul ragno. La pedivella in alluminio fresato \u00e8 la pedivella Rotor pi\u00f9 leggera e convince per la sua rigidit\u00e0. \u00c8 disponibile nelle lunghezze di 165, 170, 172,5 e 175 cm.<\/p>\n","protected":false},"excerpt":{"rendered":"<p>Il design modulare della guarnitura Rotor ALDHU la rende la base ideale per la misurazione della potenza basata sul ragno. [&hellip;]<\/p>\n","protected":false},"featured_media":0,"comment_status":"open","ping_status":"closed","template":"","meta":[],"product_brand":[],"product_cat":[431],"product_tag":[],"model":[],"class_list":{"0":"post-18346","1":"product","2":"type-product","3":"status-publish","5":"product_cat-10-it","7":"first","8":"instock","9":"taxable","10":"shipping-taxable","11":"purchasable","12":"product-type-variable"},"acf":[],"_links":{"self":[{"href":"https:\/\/www.power2max.com\/it\/wp-json\/wp\/v2\/product\/18346","targetHints":{"allow":["GET"]}}],"collection":[{"href":"https:\/\/www.power2max.com\/it\/wp-json\/wp\/v2\/product"}],"about":[{"href":"https:\/\/www.power2max.com\/it\/wp-json\/wp\/v2\/types\/product"}],"replies":[{"embeddable":true,"href":"https:\/\/www.power2max.com\/it\/wp-json\/wp\/v2\/comments?post=18346"}],"wp:attachment":[{"href":"https:\/\/www.power2max.com\/it\/wp-json\/wp\/v2\/media?parent=18346"}],"wp:term":[{"taxonomy":"product_brand","embeddable":true,"href":"https:\/\/www.power2max.com\/it\/wp-json\/wp\/v2\/product_brand?post=18346"},{"taxonomy":"product_cat","embeddable":true,"href":"https:\/\/www.power2max.com\/it\/wp-json\/wp\/v2\/product_cat?post=18346"},{"taxonomy":"product_tag","embeddable":true,"href":"https:\/\/www.power2max.com\/it\/wp-json\/wp\/v2\/product_tag?post=18346"},{"taxonomy":"model","embeddable":true,"href":"https:\/\/www.power2max.com\/it\/wp-json\/wp\/v2\/model?post=18346"}],"curies":[{"name":"wp","href":"https:\/\/api.w.org\/{rel}","templated":true}]}}