{"id":7394,"date":"2017-07-19T13:59:17","date_gmt":"2017-07-19T13:59:17","guid":{"rendered":"https:\/\/www.power2max.com\/terms-and-conditions\/"},"modified":"2021-07-08T09:26:28","modified_gmt":"2021-07-08T09:26:28","slug":"termini-e-condizioni","status":"publish","type":"page","link":"https:\/\/www.power2max.com\/it\/termini-e-condizioni\/","title":{"rendered":"Termini e Condizioni"},"content":{"rendered":"<p>Condizioni generali di contratto<\/p>\n<p><strong>1 \u00a0\u00a0\u00a0\u00a0\u00a0\u00a0\u00a0\u00a0 Condizioni generali<\/strong><\/p>\n<p>1)\u00a0\u00a0\u00a0\u00a0 Le seguenti condizioni generali e le condizioni di consegna e commercio si applicano a tutte le offerte, ai contratti d\u2019acquisto, alle consegne e ai servizi risultanti da ordini effettuati nello shop on line di power2max tramite il sito web www.power2max.com.<\/p>\n<p>2)\u00a0\u00a0\u00a0\u00a0 La gamma dei prodotti disponibili su www.power2max.com \u00e8 rivolta ai consumatori e ai clienti commerciali di Saxonar GmbH, di seguito denominati anche &#8220;i nostri clienti&#8221; o &#8220;i clienti&#8221; o &#8220;clienti&#8221;.<\/p>\n<p>Il nostro cliente riconosce questi termini e condizioni di consegna e commercio e accetta la loro esclusiva applicabilit\u00e0 per la transazione conclusa con noi, Saxonar GmbH, di seguito anche denominata &#8220;Saxonar&#8221; o &#8220;noi&#8221; o &#8220;noi&#8221;. In ogni caso, la versione applicabile al momento della conclusione del contratto \u00e8 decisiva. Termini e condizioni diversi sono considerati non validi, anche se espressamente non ci opponiamo. Le divergenze si applicano solo nella misura in cui sono state espressamente concordate. Ci riserviamo il diritto di modificare i nostri termini e condizioni di consegna e commercio in qualsiasi momento.<\/p>\n<p>Per la comodit\u00e0 dei nostri clienti su internet offriamo la traduzione in inglese, spagnolo, francese e italiano.<\/p>\n<p>&nbsp;<\/p>\n<p><strong>2 \u00a0\u00a0\u00a0\u00a0\u00a0\u00a0\u00a0\u00a0 Conclusione del contratto<\/strong><\/p>\n<p>(1)\u00a0\u00a0 I prodotti nel nostro negozio online www.power2max.com non costituiscono un&#8217;offerta. bens\u00ec un invito al cliente a farci un&#8217;offerta di acquisto effettuando un ordine.<\/p>\n<p>(2)\u00a0\u00a0 Effettuando un ordine nel negozio online power2max e dando il necessario consenso alle Condizioni Generali di Contratto e alle linee guida sulla protezione dei dati associate all\u2019ordine, il cliente fa un&#8217;offerta a Saxonar per l&#8217;acquisto di uno\/pi\u00f9 prodotto\/i scelto\/i.<\/p>\n<p>(3)\u00a0\u00a0 La ricezione dell&#8217;offerta sar\u00e0 confermata al cliente senza ritardo tramite e-mail (conferma d&#8217;ordine) dopo che l&#8217;offerta \u00e8 stata ricevuta per e-mail. La conferma dell&#8217;ordine non costituisce accettazione dell&#8217;offerta.<\/p>\n<p>(4)\u00a0\u00a0 Il cliente verr\u00e0 informato della nostra accettazione dell&#8217;offerta tramite e-mail ed invio della conferma della commissione. Possiamo dichiarare l&#8217;accettazione di un&#8217;offerta mediante conferma della commissione entro due settimane dal ricevimento dell&#8217;ordine.<\/p>\n<p>(5)\u00a0\u00a0 Se il consumatore ha il suo luogo di residenza e la sua sede legale all&#8217;interno dell&#8217;Unione europea, ha il diritto di revocare il contratto e restituire le merci che sono gi\u00e0 state consegnate. Informiamo il cliente dei suoi diritti e doveri nell&#8217;informativa sulla revoca. Il diritto di revoca non si applica ai consumatori che non appartengono ad uno stato membro dell&#8217;Unione Europea al momento della conclusione del contratto e il cui unico luogo di residenza e indirizzo di consegna si trovano al di fuori dell&#8217;Unione Europea al momento del conclusione del contratto.<\/p>\n<p>&nbsp;<\/p>\n<p><strong>3 \u00a0\u00a0\u00a0\u00a0\u00a0\u00a0\u00a0\u00a0 Testi del contratto \/ Dati del cliente<\/strong><\/p>\n<p>Il testo del contratto sar\u00e0 conservato in forma digitale. Il cliente pu\u00f2 visualizzare le nostre Condizioni generali di consegna e commercio in qualsiasi momento sulla pagina web del nostro negozio online.<\/p>\n<p>&nbsp;<\/p>\n<p><strong>4 \u00a0\u00a0\u00a0\u00a0\u00a0\u00a0\u00a0\u00a0 Prezzi e metodi di pagamento<\/strong><\/p>\n<p>(1)\u00a0\u00a0 Le nostre offerte sono non vincolanti e senza impegno. Ci riserviamo espressamente il diritto di apportare modifiche agli articoli, procedere ad adeguamenti dei prezzi in base alle modifiche del mercato e apportare miglioramenti tecnici.<\/p>\n<p>(2)\u00a0\u00a0 I prezzi su www.power2max.com includono l&#8217;imposta sul valore aggiunto prevista per gli acquisti all&#8217;interno dell&#8217;Unione Europea. Questi prezzi non includono imballaggio e spedizione. Sono indicati separatamente per ogni ordine.<\/p>\n<p>(3)\u00a0\u00a0 I prezzi nei paesi non appartenenti all&#8217;Unione Europea non comprendono l&#8217;imposta sul valore aggiunto. L&#8217;acquirente deve sostenere le spese bancarie, i dazi doganali e simili imposte che sorgono in relazione alle consegne in paesi extra UE. In caso di consegne di merci che superano il valore di 1.000 EURO, per l&#8217;esportazione dalla Germania \u00e8 previsto un dazio doganale di 30 EURO. Evidenziamo espressamente che in caso di consegne in paesi extra UE, possono essere addebitati ulteriori dazi doganali nel Paese di destinazione. Questi costi devono essere a carico del cliente\/destinatario. Saxonar GmbH non ha alcuna responsabilita\u2019 sulle cifre da pagare che si potrebbero aggiungere.<\/p>\n<p>(4)\u00a0\u00a0 La tariffa indicata nel nostro listino prezzi e\/o nella nostra conferma d\u2019ordine al momento della conclusione della transazione \u00e8 determinante per la transazione conclusa.<\/p>\n<p>(5)\u00a0\u00a0 Se non diversamente ed espressamente concordato, il cliente paga la merce mediante pagamento anticipato tramite bonifico bancario o un altro metodo di pagamento disponibile nella nostra procedura d&#8217;ordine. La merce verr\u00e0 spedita solo dopo che il pagamento sar\u00e0 stato accreditato sul nostro conto bancario. Se il pagamento non viene accreditato sul nostro conto bancario entro 10 giorni, il cliente ricever\u00e0 una richiesta di pagamento da parte nostra tramite e-mail. Il mancato pagamento non \u00e8 equivalente alla cancellazione. La gestione dei pagamenti avviene tramite il fornitore di servizi Heidelpay.<\/p>\n<p>&nbsp;<\/p>\n<p><strong>5 \u00a0\u00a0\u00a0\u00a0\u00a0\u00a0\u00a0\u00a0 Imballaggio e spedizione \/ consegna, assicurazione e passaggio del rischio<\/strong><\/p>\n<p>(1)\u00a0\u00a0 Se non viene indicata una data per la spedizione, la merce verr\u00e0 spedita entro 21 giorni. Il termine decisivo per determinare la data di spedizione inizia a decorrere dal giorno del ricevimento del pagamento totale del prezzo di acquisto (compresa l&#8217;imposta sul valore aggiunto e le spese di imballaggio e spedizione) da parte di Saxonar. Eventuali spese bancarie sostenute devono essere interamente a carico del cliente.<\/p>\n<p>(2)\u00a0\u00a0 Le merci sono fornite per la consegna a clienti, distributori o partner di distribuzione franco fabbrica. Il tempo per la produzione\/consegna \u00e8 conforme al contratto di consegna concluso.<\/p>\n<p>(3)\u00a0\u00a0 Nel caso in cui la merce ordinata non possa essere consegnata o non possa essere consegnata in tempo utile, il cliente sar\u00e0 debitamente informato. In questo caso, Saxonar raggiunger\u00e0 un accordo individuale con il cliente in merito alla data di consegna.<\/p>\n<p>(4)\u00a0\u00a0 Se Saxonar non \u00e8 in grado di rispettare una data di consegna, il cliente ha il diritto di fissare una proroga del termine, che non sia inferiore a cinque giorni.<\/p>\n<p>(5)\u00a0\u00a0 Saxonar \u00e8 autorizzata ad effettuare consegne parziali di ordini se i prodotti ordinati sono utilizzabili individualmente. Saxonar si far\u00e0 carico dei costi aggiuntivi di imballaggio e spedizione in caso si verifichi una consegna parziale.<\/p>\n<p>(6)\u00a0\u00a0 In caso di eventi di forza maggiore e di circostanze per le quali non siamo responsabili, che rendono impossibile l&#8217;adempimento dell&#8217;ordine nei tempi previsti, abbiamo il diritto di recedere dall\u2019ordine ad esclusione delle richieste di risarcimento da parte del cliente; oppure possiamo posticipare la data di scadenza per la consegna della merce.<\/p>\n<p>(7)\u00a0\u00a0 I misuratori di potenza power2max e le parti accessorie come le pedivelle vengono consegnati non montati. Per poterli utilizzare, il cliente li deve montare personalmente sulla propria bicicletta con l&#8217;aiuto delle informazioni fornite e disponibili su www.power2max.com.<\/p>\n<p>(8)\u00a0\u00a0 Saxonar decide il tipo appropriato di imballaggio e spedizione e seleziona la societ\u00e0 di trasporti nella misura in cui non sia stato raggiunto espressamente un accordo diverso con il cliente. Se il cliente \u00e8 un consumatore, allora ci assumiamo il rischio di imballaggio e spedizione in ogni caso, indipendentemente dal tipo di imballaggio e di spedizione. Se il cliente \u00e8 un imprenditore, tutti i rischi per l&#8217;imballaggio e della spedizione passano al cliente non appena la merce \u00e8 stata consegnata da noi al partner logistico incaricato.<\/p>\n<p>(9)\u00a0\u00a0 Saxonar \u00e8 responsabile per la corretta consegna delle merci all&#8217;impresa di trasporto in tempo utile, ma non per i ritardi nella consegna causati dall&#8217;impresa di trasporti. Per questo motivo, il tempo di consegna indicato su www.power2max.com non \u00e8 vincolante.<\/p>\n<p>(10)\u00a0\u00a0\u00a0\u00a0\u00a0\u00a0\u00a0\u00a0\u00a0\u00a0\u00a0\u00a0\u00a0\u00a0\u00a0\u00a0\u00a0\u00a0 Le spese di imballaggio e spedizione comprendono l&#8217;assicurazione di trasporto per la spedizione di ordini da parte di un consumatore sono a carico del consumatore. I costi per l&#8217;imballaggio e l&#8217;affrancatura vengono comunicati al cliente durante la procedura d&#8217;ordine sullo shop online e sono disponibili alla visione anche qui.<\/p>\n<p>(11)\u00a0\u00a0\u00a0\u00a0\u00a0\u00a0\u00a0\u00a0\u00a0\u00a0\u00a0\u00a0\u00a0\u00a0\u00a0\u00a0\u00a0\u00a0 In caso di revoca, il cliente deve sostenere i costi di restituzione della merce.<\/p>\n<p>&nbsp;<\/p>\n<p>&nbsp;<\/p>\n<p><strong>6\u00a0\u00a0\u00a0\u00a0\u00a0\u00a0\u00a0\u00a0\u00a0 Preservazione del titolo e diritti di sicurezza<\/strong><\/p>\n<p>(1) Conserviamo la propriet\u00e0 di tutti i beni da noi consegnati fino alla piena soddisfazione di tutte le nostre richieste. Ci\u00f2 include anche reclami riferiti a condizioni e affermazioni che si presentano in futuro.<\/p>\n<p>(2) Se il valore trattenuto a garanzia supera i crediti da garantire di oltre il 20%, siamo tenuti, su richiesta del cliente, a svincolare le garanzie trattenute.<\/p>\n<p>&nbsp;<\/p>\n<p>&nbsp;<\/p>\n<p><strong>7 \u00a0\u00a0\u00a0\u00a0\u00a0\u00a0\u00a0\u00a0 Garanzia e diritto alla restituzione<\/strong><\/p>\n<p>(1)\u00a0\u00a0 Il normale periodo di garanzia \u00e8 di 2 anni se il cliente \u00e8 un consumatore.<\/p>\n<p>(2)\u00a0\u00a0 Oltre alla normale garanzia, forniamo una garanzia estesa di 5 anni complessivi per il prodotto power2max NG. Senza limitare la normale garanzia gi\u00e0 prevista, applichiamo queste condizioni aggiuntive volontariamente. La garanzia estesa non si applica ai danni derivanti da un uso improprio, da un&#8217;installazione difettosa o da modifiche apportate al prodotto, da cadute o sovraccarico del prodotto. Saxonar si riserva il diritto di riparare i prodotti difettosi o sostituirli.<\/p>\n<p>(3)\u00a0\u00a0 Solo i nostri clienti diretti (primi acquirenti) hanno il diritto di rivendicare i diritti di garanzia.<\/p>\n<p>(4)\u00a0\u00a0 Si fa presente che all stato attuale non e\u2019 possible sviluppare ed operare software o dispositive di data processing (hardware) \u00a0completamente esenti da possibili errori che possono anche derivare dalle connessioni via Internet. Non ci assumiamo responsabilita\u2019 per difetti o danni causati dall \u2018utente o da terze parti attraverso l\u2019utilizzo della nostra piattaforma internet.<\/p>\n<p>&nbsp;<\/p>\n<p><strong>8\u00a0\u00a0\u00a0\u00a0\u00a0\u00a0\u00a0\u00a0\u00a0 Responsabilit\u00e0<\/strong><\/p>\n<p>(1)\u00a0\u00a0 Siamo responsabili, senza limitazioni, per problemi causati con intenzionalit\u00e0 e negligenza grave. A parte per i casi di lesione alla vita, al corpo o alla salute, siamo responsabili solo per negligenza se vengono violati importanti obblighi contrattuali (doveri cardinali).<\/p>\n<p>(2)\u00a0\u00a0 La responsabilit\u00e0 \u00e8 limitata al danno prevedibile che \u00e8 tipico per questo tipo di contratto. In caso di semplice negligenza, sono escluse le responsabilit\u00e0 per danni indiretti e imprevedibili, perdita di produzione e uso, perdita di profitto, perdita di risparmio e perdita pecuniaria richieste da terze parti, tranne nel caso di lesioni alla vita, all&#8217;organismo o alla salute.<\/p>\n<p>(3)\u00a0\u00a0 La responsabilit\u00e0 che va al di l\u00e0 di quanto pattuito nel presente contratto \u00e8 esclusa, indipendentemente dalla natura giuridica del reclamo. Le restrizioni e\/o le esclusioni di responsabilit\u00e0 di cui sopra non si applicano alla responsabilit\u00e0 obbligatoria indipendentemente dalla colpa che \u00e8 prescritta dalla legge (ad esempio in conformit\u00e0 alla legge sulla responsabilit\u00e0 del prodotto) o responsabilit\u00e0 derivante da una garanzia indipendentemente dalla colpa. Nella misura in cui la responsabilit\u00e0 \u00e8 esclusa o limitata ai sensi delle fig. 2 e 3, questo vale anche per la responsabilit\u00e0 personale dei nostri dipendenti, forza lavoro, rappresentanti, organi e persone incaricate da noi per l&#8217;adempimento dei nostri obblighi.<\/p>\n<p>&nbsp;<\/p>\n<p><strong>9\u00a0\u00a0\u00a0\u00a0\u00a0\u00a0\u00a0\u00a0\u00a0 Protezione dei dati<\/strong><\/p>\n<p>(1)\u00a0\u00a0 Archiviamo ed elaboriamo i dati dei clienti in conformit\u00e0 con le disposizioni pertinenti della legge federale sulla protezione dei dati (Bundesdatenschutzgesetz, BDSG) e la legge sulla protezione dei dati di Teleservices (Teledienstdatenschutzgesetz, TDDSG). I dati personali sono conservati in relazione alle persone solo per scopi fissi, chiari e legali e non vengono conservati per un periodo pi\u00f9 lungo del necessario.<\/p>\n<p>(2)\u00a0\u00a0 Il cliente ha il diritto ad essere informato, alla correzione, al blocco e alla cancellazione dei suoi dati conservati presso di noi, a meno che i dati pertinenti siano ancora necessari per l&#8217;adempimento degli obblighi del rapporto contrattuale concluso, o nel caso in cui vi siano norme obbligatorie che ne vietano l\u2019eliminazione.<\/p>\n<p>(3)\u00a0\u00a0 Non trasmettiamo a terzi dati personali, cos\u00ec come l&#8217;indirizzo di residenza e l&#8217;indirizzo di posta elettronica del cliente, senza il consenso esplicito del cliente. Questo non si applica ai nostri partner di servizio, che richiedono la trasmissione di tali dati per la gestione dell&#8217;ordine. Tuttavia, in tali casi l&#8217;estensione dei dati trasmessi \u00e8 limitata al minimo necessario. Troverai informazioni pi\u00f9 dettagliate sulla protezione dei dati nella nostra <a href=\"\/it\/privacy-policy\/\">Dichiarazione sulla protezione dei dati.<\/a><\/p>\n<p>&nbsp;<\/p>\n<p><strong>10\u00a0\u00a0\u00a0\u00a0\u00a0\u00a0\u00a0 Copyright<\/strong><\/p>\n<p>(1) \u00a0\u00a0Ci riserviamo tutti i diritti in relazione alla nostra presenza su Internet. Testi, immagini, suoni, grafica, animazioni e video e la loro inclusione nelle nostre pagine Internet sono protette da copyright e da altri statuti sulla protezione.<\/p>\n<p>(2) Il contenuto delle nostre pagine Internet non pu\u00f2 essere copiato o diffuso a fini commerciali, alterato o reso disponibile a terzi.<\/p>\n<p>(3) Le nostre pagine Internet contengono grafica e testi soggetti al copyright di terzi. Salvo diversa indicazione, tutti i marchi e nomi di prodotti indicati nelle nostre pagine Internet sono protetti dalla legge sui marchi. Le nostre pagine Internet non conferiscono alcuna licenza da parte nostra o di terzi per l&#8217;uso della propriet\u00e0 intellettuale.<\/p>\n<p>&nbsp;<\/p>\n<p><strong>11\u00a0\u00a0\u00a0\u00a0\u00a0\u00a0\u00a0 Informazioni sulla partecipazione al sistema di restituzione di Landbell AG<\/strong><\/p>\n<p>In relazione agli imballaggi di vendita da noi usati per la prima volta e destinati a clienti finali privati, la nostra azienda ha aderito al sistema di restituzione di Landbell AG, Mainz (numero cliente 4145584), che opera in tutta la Repubblica federale. Questo per garantire l&#8217;adempimento dei nostri obblighi statutari ai sensi della Sezione 6 Ordinanza sugli imballaggi. Ulteriori informazioni sono disponibili sul sito Web di Landbell AG.<\/p>\n<p>&nbsp;<\/p>\n<p><strong>12\u00a0\u00a0\u00a0\u00a0\u00a0\u00a0\u00a0 Luogo di rappresentazione, Applixazione della legge e Luogo di Giurisdizione<\/strong><\/p>\n<p>(1)\u00a0\u00a0 Si applica la legge tedesca, fatta salva l&#8217;esclusione della legge di vendita delle Nazioni Unite, nel caso di consumatori e di altre persone con la loro principale sede di attivit\u00e0 o dimora in uno stato membro dell&#8217;Unione Europea (UE) o dell&#8217;Economia Europea Area (EEA) al momento della conclusione del contratto.<\/p>\n<p>(2)\u00a0\u00a0 Indipendentemente da questa scelta di legge, i consumatori sono sempre tutelati dalla legge obbligatoria sulla tutela dei consumatori del paese in cui hanno il loro solito luogo di residenza al momento della conclusione del contratto.<\/p>\n<p>(3)\u00a0\u00a0 I consumatori con il loro luogo di residenza ordinario in un paese che non appartiene n\u00e9 all&#8217;UE n\u00e9 al SEE al momento della conclusione del contratto sono soggetti alla legge del paese in cui il consumatore ha avuto il suo solito luogo di residenza al momento della conclusione del contratto.<\/p>\n<p>(4)\u00a0\u00a0 Se il cliente \u00e8 un imprenditore, una persona giuridica di diritto pubblico o un fondo speciale di diritto pubblico, il foro competente esclusivo per tutte le controversie al di fuori di questo contratto \u00e8 la sede legale della ditta Saxonar GmbH. Lo stesso vale se il cliente non ha giurisdizione generale in Germania, o il suo luogo di residenza o di dimora abituale sono sconosciuti al momento in cui \u00e8 stata presentata l&#8217;azione.<\/p>\n<p>&nbsp;<\/p>\n<p><strong>13\u00a0\u00a0\u00a0\u00a0\u00a0\u00a0\u00a0 Doveri di informazione<\/strong><\/p>\n<p>(1) Al momento della registrazione\/dichiarazione dei dati da parte dei clienti sul sito www.power2max.de, il cliente ha l&#8217;obbligo di rilasciare dichiarazioni vere. Se i dati del cliente cambiano, in particolare per quanto riguarda nome, indirizzo, indirizzo e-mail e numero di telefono, il cliente \u00e8 tenuto a comunicare a Saxonar tali modifiche tramite e-mail da inviare a support@power2max.de.<\/p>\n<p>(2) In caso di dati falsi o errati, incluso l&#8217;indirizzo di posta elettronica, possiamo recedere dal contratto e, a questo punto, il contratto \u00e8 nullo. Il recesso sar\u00e0 dichiarato per iscritto. La forma scritta \u00e8 rispettata se viene trasmessa un&#8217;e-mail.<\/p>\n<p>(3) Dopo l&#8217;accettazione dell&#8217;offerta, Saxonar invia al cliente un messaggio di posta elettronica contenente i dati della commissione (conferma della commissione) all&#8217;indirizzo e-mail indicato nell&#8217;ordine del cliente nello shop online.<\/p>\n<p>(4) Il cliente deve assicurarsi che l&#8217;indirizzo di posta elettronica da lui indicato sia funzionante per la ricezione nel momento in cui l&#8217;ordine viene inoltrato e che la ricezione di nuovi messaggi di posta non venga impedita tramite inoltro, arresto o casella di posta piena.<\/p>\n<p>&nbsp;<\/p>\n<p><strong>14\u00a0\u00a0\u00a0\u00a0\u00a0\u00a0\u00a0 Misure di tutela<\/strong><\/p>\n<p>Se singole parti di questi Termini e condizioni commerciali non sono valide, si ritiene che siano sostituite da ci\u00f2 che \u00e8 legalmente consentito e che si avvicini il pi\u00f9 possibile all&#8217;intenzione economica originaria. Nel caso in cui i singoli regolamenti non siano validi, ci\u00f2 non influisce sulla validit\u00e0 delle restanti clausole.<\/p>\n","protected":false},"excerpt":{"rendered":"<p>Condizioni generali di contratto 1 \u00a0\u00a0\u00a0\u00a0\u00a0\u00a0\u00a0\u00a0 Condizioni generali 1)\u00a0\u00a0\u00a0\u00a0 Le seguenti condizioni generali e le condizioni di consegna e commercio [&hellip;]<\/p>\n","protected":false},"author":1,"featured_media":4358,"parent":0,"menu_order":0,"comment_status":"closed","ping_status":"closed","template":"","meta":{"footnotes":""},"product_cat":[],"class_list":["post-7394","page","type-page","status-publish","has-post-thumbnail","hentry"],"acf":[],"_links":{"self":[{"href":"https:\/\/www.power2max.com\/it\/wp-json\/wp\/v2\/pages\/7394","targetHints":{"allow":["GET"]}}],"collection":[{"href":"https:\/\/www.power2max.com\/it\/wp-json\/wp\/v2\/pages"}],"about":[{"href":"https:\/\/www.power2max.com\/it\/wp-json\/wp\/v2\/types\/page"}],"author":[{"embeddable":true,"href":"https:\/\/www.power2max.com\/it\/wp-json\/wp\/v2\/users\/1"}],"replies":[{"embeddable":true,"href":"https:\/\/www.power2max.com\/it\/wp-json\/wp\/v2\/comments?post=7394"}],"version-history":[{"count":8,"href":"https:\/\/www.power2max.com\/it\/wp-json\/wp\/v2\/pages\/7394\/revisions"}],"predecessor-version":[{"id":46701,"href":"https:\/\/www.power2max.com\/it\/wp-json\/wp\/v2\/pages\/7394\/revisions\/46701"}],"wp:featuredmedia":[{"embeddable":true,"href":"https:\/\/www.power2max.com\/it\/wp-json\/wp\/v2\/media\/4358"}],"wp:attachment":[{"href":"https:\/\/www.power2max.com\/it\/wp-json\/wp\/v2\/media?parent=7394"}],"wp:term":[{"taxonomy":"product_cat","embeddable":true,"href":"https:\/\/www.power2max.com\/it\/wp-json\/wp\/v2\/product_cat?post=7394"}],"curies":[{"name":"wp","href":"https:\/\/api.w.org\/{rel}","templated":true}]}}