{"id":5249,"date":"2017-08-03T15:56:17","date_gmt":"2017-08-03T15:56:17","guid":{"rendered":"https:\/\/www.power2max.com\/imprint\/"},"modified":"2018-11-02T11:17:59","modified_gmt":"2018-11-02T11:17:59","slug":"colofone","status":"publish","type":"page","link":"https:\/\/www.power2max.com\/it\/colofone\/","title":{"rendered":"Imprint"},"content":{"rendered":"<p>MARCHIO<\/p>\n<p>Saxonar GmbH<br \/>\nHauptstra\u00dfe 54<br \/>\n02906 Waldhufen OT Nieder Seifersdorf<br \/>\nGermany<\/p>\n<p>Telephone: + 49 3 58 27 \u2013 84 99 1190<\/p>\n<p>E-Mail:\u00a0support[at]power2max.de<br \/>\nWeb:\u00a0www.power2max.com<\/p>\n<p>Director: Dipl.-Ing. (FH) Andreas G\u00f6rnitz<br \/>\nCommercial Register: Register Court Dresden<br \/>\nRegister number: HRB 26716<br \/>\nVAT-ID: DE260186022<\/p>\n<hr \/>\n<p><strong>Escluione di responsabilit\u00e0<\/strong><\/p>\n<p><strong>1.Contenuto dell&#8217;offerta online<\/strong><\/p>\n<p>L&#8217;autore non garantisce che le informazioni fornite sono aggiornate, corrette, complete o di una particolare qualit\u00e0. Le richieste di responsabilit\u00e0, nei confronti dell&#8217;autore per danni di natura materiale o ideale che derivano dall&#8217;uso o dalla mancanza di uso delle informazioni fornite e\/o dall&#8217;uso di informazioni errate e incomplete, sono escluse in linea di principio, a meno, che non sia provato che l&#8217;autore era in errore per intenzionalit\u00e0 o grave negligenza.Tutte le offerte non sono vincolanti e sono senza impegno. L&#8217;autore si riserva espressamente il diritto di modificare, integrare o cancellare parti della pagina o l&#8217;intera offerta senza nessuna notifica, o di cessare totalmente o in parte la pubblicazione.<\/p>\n<p><strong>2. Risoluzione Online delle Controversie:<\/strong><br \/>\nLa Commissione Europea ha creato una piattaforma per la risoluzione stragiudiziale delle controversie.<br \/>\nLa procedura offrir\u00e0 ai consumatori l\u2019opportunit\u00e0 di risolvere le dispute aventi ad oggetto agli acquisti online senza dover ricorrere all\u2019instaurazione di un processo ed al coinvolgimento di tribunali e giudici.<br \/>\nLa descrizione della procedura \u00e8 disponibile qui:\u00a0<a href=\"https:\/\/ec.europa.eu\/consumers\/odr\/main\/?event=main.home2.show\">https:\/\/ec.europa.eu\/consumers\/odr\/main\/?event=main.home2.show<\/a><\/p>\n<p><strong>3. Riferimenti e collegamenti<\/strong><\/p>\n<p>In caso di riferimenti diretti o indiretti ad altri siti web (&#8220;hyperlink&#8221;) al di fuori della sfera di influenza dell&#8217;autore, un obbligo di responsabilit\u00e0 sorgerebbe solo nel caso in cui l&#8217;autore fosse a conoscenza dei contenuti e sarebbe tecnicamente possibile e ragionevole per lui impedire l&#8217;uso di contenuti illegali. Con la presente l&#8217;autore dichiara espressamente che al momento dell&#8217;impostazione del link non erano visibili contenuti illegali sulle pagine da collegare. L&#8217;autore non ha alcuna influenza sul design attuale e futuro, sul contenuto o sulla paternit\u00e0 delle pagine collegate\/collegate. Per questo motivo, si prendono espressamente le distanze da tutti i contenuti di tutte le pagine collegate\/collegate.<\/p>\n<p>Ci\u00f2 vale per tutti i collegamenti e i riferimenti impostati all&#8217;interno dell\u2019 offerta Internet e per tutte le voci di terze parti che entreranno a far parte del nostro portfolio, nei forum di discussione, negli elenchi di collegamenti, nelle mailing list e in tutte le altre forme di banca dati che consentono l&#8217;accesso di scrittura esterna. Il fornitore della pagina a cui viene fatto riferimento \u00e8 responsabile esclusivamente dei contenuti illegali, errati o incompleti. In particolare \u00e8 responsabile del danno derivante dall&#8217;uso o dal mancato utilizzo di tali informazioni fornite, non della persona che si limita a fare riferimento ai link pubblicati.<\/p>\n<p><strong>4. Diritto d&#8217;autore e di etichettatura<\/strong><\/p>\n<p>In tutte le pubblicazioni, l&#8217;autore si impegna a rispettare i diritti d&#8217;autore su immagini, grafica, documenti sonori, sequenze video e testi utilizzati, ad usare le proprie immagini, grafici, documenti audio, sequenze video e testi o ad utilizzare immagini, grafici, documenti sonori , sequenze video e testi senza licenza. Tutti i marchi registrati e le marche indicati nell&#8217;offerta Internet ed eventualmente protetti da terze parti sono soggetti alle disposizioni della rispettiva legge sull&#8217;etichettatura e ai diritti di propriet\u00e0 di chi lo ha registrato. La sola denominazione in s\u00e9 non porta alla conclusione che i marchi non siano protetti da diritti di terzi. Il copyright per gli articoli pubblicati creati dall&#8217;autore rimane esclusivamente dell\u2019 l&#8217;autore delle pagine. La duplicazione o l&#8217;uso di tali grafici, documenti audio, sequenze video e testi in altre pubblicazioni elettroniche o stampate senza il consenso esplicito dell&#8217;autore non sono consentiti.<\/p>\n<p><strong>5. Protezione dei dati<\/strong><\/p>\n<p>Se l&#8217;offerta Internet richiedel\u2019inserimento di dati personali o aziendali (indirizzi di posta elettronica, nomi, indirizzi), l&#8217;utente rivela questi dati in maniera volontaria. L&#8217;utilizzo e (eventuale) pagamento di tutti i servizi offerti \u00e8 &#8211; nella misura in cui ci\u00f2 sia tecnicamente possibile e ragionevole &#8211; consentito anche senza la fornitura di tali dati o con la fornitura di dati anonimi o pseudonimi. E\u2019 consentito l&#8217;utilizzo da parte di terzi dei dati di contatto pubblicati o di informazioni simili quali indirizzi postali, numeri di telefono e fax nonch\u00e9 indirizzi di posta elettronica per l&#8217;invio di informazioni non espressamente richieste. Si ha diritto ad intraprendere azioni legali contro i mittenti di tali messaggi in caso gli invii riguardino posta indesiderata. Questo sito web utilizza Google Analytics, un servizio di analisi web di Google Inc. (&#8220;Google&#8221;). Google Analytics utilizza i cosiddetti &#8220;cookie&#8221;, file di testo che vengono memorizzati sul tuo computer e che consentono un&#8217;analisi del tuo utilizzo del sito web. Le informazioni generate dal cookie sull&#8217;utilizzo di questo sito Web (compreso il tuo indirizzo IP) vengono trasmesse a un server di Google negli Stati Uniti e memorizzate. Google utilizzer\u00e0 queste informazioni per valutare l&#8217;utilizzo del sito Web, compilare report sulle attivit\u00e0 del sito Web per gli operatori del sito Web e per eseguire servizi aggiuntivi connessi al sito Web e all&#8217;utilizzo di Internet. Google pu\u00f2 anche trasmettere queste informazioni a terzi se ci\u00f2 \u00e8 previsto dalla legge o nella misura in cui le terze parti elaborano questi dati seguendo le istruzioni di Google. Google non collegher\u00e0 in alcun caso il tuo indirizzo IP con altri dati archiviati da Google. \u00c8 possibile impedire l&#8217;installazione dei cookie attraverso un&#8217;impostazione del browser; tuttavia, ti informiamo che in questo caso potresti non essere in grado di utilizzare tutte le funzioni di questo sito web. Utilizzando questo sito web, dichiari il tuo consenso al trattamento dei dati raccolti su di te da Google nel modo sopra descritto e per lo scopo sopra specificato.<\/p>\n<p><strong>6. Validit\u00e0 legale di questa esclusione di responsabilit\u00e0<\/strong><\/p>\n<p>Questa esclusione di responsabilit\u00e0 \u00e8 da considerarsi parte dell&#8217;offerta Internet con riferimento a questa pagina. Se parti o singole indicazioni di questo testo non sono conformi, non sono pi\u00f9 conformi o non sono pienamente conformi alla situazione legale vigente, le restanti parti di questo documento continuano ad essere inalterate per quanto riguarda il contenuto e la validit\u00e0.<\/p>\n","protected":false},"excerpt":{"rendered":"<p>MARCHIO Saxonar GmbH Hauptstra\u00dfe 54 02906 Waldhufen OT Nieder Seifersdorf Germany Telephone: + 49 3 58 27 \u2013 84 99 [&hellip;]<\/p>\n","protected":false},"author":1,"featured_media":4468,"parent":0,"menu_order":0,"comment_status":"closed","ping_status":"closed","template":"","meta":{"footnotes":""},"product_cat":[],"class_list":["post-5249","page","type-page","status-publish","has-post-thumbnail","hentry"],"acf":[],"_links":{"self":[{"href":"https:\/\/www.power2max.com\/it\/wp-json\/wp\/v2\/pages\/5249","targetHints":{"allow":["GET"]}}],"collection":[{"href":"https:\/\/www.power2max.com\/it\/wp-json\/wp\/v2\/pages"}],"about":[{"href":"https:\/\/www.power2max.com\/it\/wp-json\/wp\/v2\/types\/page"}],"author":[{"embeddable":true,"href":"https:\/\/www.power2max.com\/it\/wp-json\/wp\/v2\/users\/1"}],"replies":[{"embeddable":true,"href":"https:\/\/www.power2max.com\/it\/wp-json\/wp\/v2\/comments?post=5249"}],"version-history":[{"count":10,"href":"https:\/\/www.power2max.com\/it\/wp-json\/wp\/v2\/pages\/5249\/revisions"}],"predecessor-version":[{"id":18932,"href":"https:\/\/www.power2max.com\/it\/wp-json\/wp\/v2\/pages\/5249\/revisions\/18932"}],"wp:featuredmedia":[{"embeddable":true,"href":"https:\/\/www.power2max.com\/it\/wp-json\/wp\/v2\/media\/4468"}],"wp:attachment":[{"href":"https:\/\/www.power2max.com\/it\/wp-json\/wp\/v2\/media?parent=5249"}],"wp:term":[{"taxonomy":"product_cat","embeddable":true,"href":"https:\/\/www.power2max.com\/it\/wp-json\/wp\/v2\/product_cat?post=5249"}],"curies":[{"name":"wp","href":"https:\/\/api.w.org\/{rel}","templated":true}]}}