{"id":6893,"date":"2017-12-13T15:23:28","date_gmt":"2017-12-13T15:29:11","guid":{"rendered":"https:\/\/www.power2max.com\/product\/couvercle-usb-ng\/"},"modified":"2026-04-05T00:27:31","modified_gmt":"2026-04-05T00:27:31","slug":"couvercle-usb-ng","status":"publish","type":"product","link":"https:\/\/www.power2max.com\/fr\/produit\/couvercle-usb-ng\/","title":{"rendered":"Couvercle USB NG"},"content":{"rendered":"<p>NG couvercle USB est votre chance d&rsquo;obtenir votre couleur pr\u00e9f\u00e9r\u00e9e dans votre capteur de puissance power2max NG.<\/p>\n<p><b><span style=\"color: #ff0000\">Ce couvercle USB est uniquement utilisable pour les wattm\u00e8tres NG jusqu&rsquo;au num\u00e9ro de s\u00e9rie 089194.<\/span><\/b><\/p>\n","protected":false},"excerpt":{"rendered":"<p>NG couvercle USB est votre chance d&rsquo;obtenir votre couleur pr\u00e9f\u00e9r\u00e9e dans votre capteur de puissance power2max NG. Ce couvercle USB [&hellip;]<\/p>\n","protected":false},"featured_media":0,"comment_status":"open","ping_status":"closed","template":"","meta":[],"product_brand":[],"product_cat":[393,602,543],"product_tag":[],"model":[],"class_list":{"0":"post-6893","1":"product","2":"type-product","3":"status-publish","5":"product_cat-4-fr","6":"product_cat-47-fr","7":"product_cat-offres","9":"first","10":"instock","11":"sale","12":"taxable","13":"shipping-taxable","14":"purchasable","15":"product-type-variable"},"acf":[],"_links":{"self":[{"href":"https:\/\/www.power2max.com\/fr\/wp-json\/wp\/v2\/product\/6893","targetHints":{"allow":["GET"]}}],"collection":[{"href":"https:\/\/www.power2max.com\/fr\/wp-json\/wp\/v2\/product"}],"about":[{"href":"https:\/\/www.power2max.com\/fr\/wp-json\/wp\/v2\/types\/product"}],"replies":[{"embeddable":true,"href":"https:\/\/www.power2max.com\/fr\/wp-json\/wp\/v2\/comments?post=6893"}],"wp:attachment":[{"href":"https:\/\/www.power2max.com\/fr\/wp-json\/wp\/v2\/media?parent=6893"}],"wp:term":[{"taxonomy":"product_brand","embeddable":true,"href":"https:\/\/www.power2max.com\/fr\/wp-json\/wp\/v2\/product_brand?post=6893"},{"taxonomy":"product_cat","embeddable":true,"href":"https:\/\/www.power2max.com\/fr\/wp-json\/wp\/v2\/product_cat?post=6893"},{"taxonomy":"product_tag","embeddable":true,"href":"https:\/\/www.power2max.com\/fr\/wp-json\/wp\/v2\/product_tag?post=6893"},{"taxonomy":"model","embeddable":true,"href":"https:\/\/www.power2max.com\/fr\/wp-json\/wp\/v2\/model?post=6893"}],"curies":[{"name":"wp","href":"https:\/\/api.w.org\/{rel}","templated":true}]}}