{"id":6875,"date":"2017-12-13T15:23:27","date_gmt":"2017-12-13T15:29:05","guid":{"rendered":"https:\/\/www.power2max.com\/product\/manivelles-fsa-k-force-light-bb386evo\/"},"modified":"2025-10-24T23:31:45","modified_gmt":"2025-10-24T23:31:45","slug":"manivelles-fsa-k-force-light-bb386evo","status":"publish","type":"product","link":"https:\/\/www.power2max.com\/fr\/produit\/manivelles-fsa-k-force-light-bb386evo\/","title":{"rendered":"Manivelles FSA K-Force Light BB386EVO"},"content":{"rendered":"<p>Les manivelles FSA K-Force Light BB386EVO sont extr\u00eamement l\u00e9gers et en m\u00eame temps extr\u00eamement rigides. Ces manivelles de carbone ont \u00e9t\u00e9 d\u00e9velopp\u00e9s pour nos capteurs de puissance et sont disponibles en 165, 170, 172,5, 175 et 180mm.<\/p>\n","protected":false},"excerpt":{"rendered":"<p>Les manivelles FSA K-Force Light BB386EVO sont extr\u00eamement l\u00e9gers et en m\u00eame temps extr\u00eamement rigides. Ces manivelles de carbone ont [&hellip;]<\/p>\n","protected":false},"featured_media":0,"comment_status":"open","ping_status":"closed","template":"","meta":[],"product_brand":[],"product_cat":[399],"product_tag":[],"model":[],"class_list":{"0":"post-6875","1":"product","2":"type-product","3":"status-publish","5":"product_cat-10-fr","7":"first","8":"instock","9":"taxable","10":"shipping-taxable","11":"purchasable","12":"product-type-variable"},"acf":[],"_links":{"self":[{"href":"https:\/\/www.power2max.com\/fr\/wp-json\/wp\/v2\/product\/6875","targetHints":{"allow":["GET"]}}],"collection":[{"href":"https:\/\/www.power2max.com\/fr\/wp-json\/wp\/v2\/product"}],"about":[{"href":"https:\/\/www.power2max.com\/fr\/wp-json\/wp\/v2\/types\/product"}],"replies":[{"embeddable":true,"href":"https:\/\/www.power2max.com\/fr\/wp-json\/wp\/v2\/comments?post=6875"}],"wp:attachment":[{"href":"https:\/\/www.power2max.com\/fr\/wp-json\/wp\/v2\/media?parent=6875"}],"wp:term":[{"taxonomy":"product_brand","embeddable":true,"href":"https:\/\/www.power2max.com\/fr\/wp-json\/wp\/v2\/product_brand?post=6875"},{"taxonomy":"product_cat","embeddable":true,"href":"https:\/\/www.power2max.com\/fr\/wp-json\/wp\/v2\/product_cat?post=6875"},{"taxonomy":"product_tag","embeddable":true,"href":"https:\/\/www.power2max.com\/fr\/wp-json\/wp\/v2\/product_tag?post=6875"},{"taxonomy":"model","embeddable":true,"href":"https:\/\/www.power2max.com\/fr\/wp-json\/wp\/v2\/model?post=6875"}],"curies":[{"name":"wp","href":"https:\/\/api.w.org\/{rel}","templated":true}]}}