{"id":6872,"date":"2017-12-13T15:23:27","date_gmt":"2017-12-13T15:29:04","guid":{"rendered":"https:\/\/www.power2max.com\/product\/manivelles-fsa-afterburner\/"},"modified":"2025-10-24T23:31:35","modified_gmt":"2025-10-24T23:31:35","slug":"manivelles-fsa-afterburner","status":"publish","type":"product","link":"https:\/\/www.power2max.com\/fr\/produit\/manivelles-fsa-afterburner\/","title":{"rendered":"Manivelles FSA Afterburner"},"content":{"rendered":"<p>Les manivelles FSA Afterburner sont manivelles tr\u00e8s rigides et l\u00e9gers. Les manivelles sont en aluminium forg\u00e9 et sont disponibles dans la version \u201cmonoplateau\u201d et double avec une longueur de 170 ou 175 mm.<\/p>\n","protected":false},"excerpt":{"rendered":"<p>Les manivelles FSA Afterburner sont manivelles tr\u00e8s rigides et l\u00e9gers. Les manivelles sont en aluminium forg\u00e9 et sont disponibles dans [&hellip;]<\/p>\n","protected":false},"featured_media":0,"comment_status":"open","ping_status":"closed","template":"","meta":[],"product_brand":[],"product_cat":[399],"product_tag":[],"model":[],"class_list":{"0":"post-6872","1":"product","2":"type-product","3":"status-publish","5":"product_cat-10-fr","7":"first","8":"instock","9":"taxable","10":"shipping-taxable","11":"purchasable","12":"product-type-variable"},"acf":[],"_links":{"self":[{"href":"https:\/\/www.power2max.com\/fr\/wp-json\/wp\/v2\/product\/6872","targetHints":{"allow":["GET"]}}],"collection":[{"href":"https:\/\/www.power2max.com\/fr\/wp-json\/wp\/v2\/product"}],"about":[{"href":"https:\/\/www.power2max.com\/fr\/wp-json\/wp\/v2\/types\/product"}],"replies":[{"embeddable":true,"href":"https:\/\/www.power2max.com\/fr\/wp-json\/wp\/v2\/comments?post=6872"}],"wp:attachment":[{"href":"https:\/\/www.power2max.com\/fr\/wp-json\/wp\/v2\/media?parent=6872"}],"wp:term":[{"taxonomy":"product_brand","embeddable":true,"href":"https:\/\/www.power2max.com\/fr\/wp-json\/wp\/v2\/product_brand?post=6872"},{"taxonomy":"product_cat","embeddable":true,"href":"https:\/\/www.power2max.com\/fr\/wp-json\/wp\/v2\/product_cat?post=6872"},{"taxonomy":"product_tag","embeddable":true,"href":"https:\/\/www.power2max.com\/fr\/wp-json\/wp\/v2\/product_tag?post=6872"},{"taxonomy":"model","embeddable":true,"href":"https:\/\/www.power2max.com\/fr\/wp-json\/wp\/v2\/model?post=6872"}],"curies":[{"name":"wp","href":"https:\/\/api.w.org\/{rel}","templated":true}]}}