{"id":6840,"date":"2017-12-13T15:23:25","date_gmt":"2017-12-13T15:28:49","guid":{"rendered":"https:\/\/www.power2max.com\/product\/boitier-rotor-pour-bb30\/"},"modified":"2026-04-15T07:53:15","modified_gmt":"2026-04-15T07:53:15","slug":"boitier-rotor-pour-bb30","status":"publish","type":"product","link":"https:\/\/www.power2max.com\/fr\/produit\/boitier-rotor-pour-bb30\/","title":{"rendered":"Bo\u00eetier Rotor pour BB30"},"content":{"rendered":"<p>Bo\u00eetier de p\u00e9dalier pour Rotor 3D30 et 3D+<br \/>\nPour cadres BB30<\/p>\n","protected":false},"excerpt":{"rendered":"<p>Bo\u00eetier de p\u00e9dalier pour Rotor 3D30 et 3D+ Pour cadres BB30<\/p>\n","protected":false},"featured_media":0,"comment_status":"open","ping_status":"closed","template":"","meta":[],"product_brand":[],"product_cat":[393,414],"product_tag":[],"model":[],"class_list":{"0":"post-6840","1":"product","2":"type-product","3":"status-publish","5":"product_cat-4-fr","6":"product_cat-44-fr","8":"first","9":"instock","10":"taxable","11":"shipping-taxable","12":"purchasable","13":"product-type-variable"},"acf":[],"_links":{"self":[{"href":"https:\/\/www.power2max.com\/fr\/wp-json\/wp\/v2\/product\/6840","targetHints":{"allow":["GET"]}}],"collection":[{"href":"https:\/\/www.power2max.com\/fr\/wp-json\/wp\/v2\/product"}],"about":[{"href":"https:\/\/www.power2max.com\/fr\/wp-json\/wp\/v2\/types\/product"}],"replies":[{"embeddable":true,"href":"https:\/\/www.power2max.com\/fr\/wp-json\/wp\/v2\/comments?post=6840"}],"wp:attachment":[{"href":"https:\/\/www.power2max.com\/fr\/wp-json\/wp\/v2\/media?parent=6840"}],"wp:term":[{"taxonomy":"product_brand","embeddable":true,"href":"https:\/\/www.power2max.com\/fr\/wp-json\/wp\/v2\/product_brand?post=6840"},{"taxonomy":"product_cat","embeddable":true,"href":"https:\/\/www.power2max.com\/fr\/wp-json\/wp\/v2\/product_cat?post=6840"},{"taxonomy":"product_tag","embeddable":true,"href":"https:\/\/www.power2max.com\/fr\/wp-json\/wp\/v2\/product_tag?post=6840"},{"taxonomy":"model","embeddable":true,"href":"https:\/\/www.power2max.com\/fr\/wp-json\/wp\/v2\/model?post=6840"}],"curies":[{"name":"wp","href":"https:\/\/api.w.org\/{rel}","templated":true}]}}