{"id":6837,"date":"2017-12-13T15:23:25","date_gmt":"2017-12-13T15:28:48","guid":{"rendered":"https:\/\/www.power2max.com\/product\/boitier-fsa-megaexo-pour-bb86-pressfit\/"},"modified":"2025-10-24T23:22:51","modified_gmt":"2025-10-24T23:22:51","slug":"boitier-fsa-megaexo-pour-bb86-pressfit","status":"publish","type":"product","link":"https:\/\/www.power2max.com\/fr\/produit\/boitier-fsa-megaexo-pour-bb86-pressfit\/","title":{"rendered":"Bo\u00eetier FSA Megaexo pour BB86 PressFit"},"content":{"rendered":"<p>Bo\u00eetier de p\u00e9dalier pour FSA Gossamer Megaexo, FSA K-Force Light Megaexo et Rotor 3D24<br \/>\nPour cadres BB86 PressFit<\/p>\n","protected":false},"excerpt":{"rendered":"<p>Bo\u00eetier de p\u00e9dalier pour FSA Gossamer Megaexo, FSA K-Force Light Megaexo et Rotor 3D24 Pour cadres BB86 PressFit<\/p>\n","protected":false},"featured_media":0,"comment_status":"open","ping_status":"closed","template":"","meta":[],"product_cat":[393,414],"product_tag":[],"model":[],"acf":[],"_links":{"self":[{"href":"https:\/\/www.power2max.com\/fr\/wp-json\/wp\/v2\/product\/6837"}],"collection":[{"href":"https:\/\/www.power2max.com\/fr\/wp-json\/wp\/v2\/product"}],"about":[{"href":"https:\/\/www.power2max.com\/fr\/wp-json\/wp\/v2\/types\/product"}],"replies":[{"embeddable":true,"href":"https:\/\/www.power2max.com\/fr\/wp-json\/wp\/v2\/comments?post=6837"}],"wp:attachment":[{"href":"https:\/\/www.power2max.com\/fr\/wp-json\/wp\/v2\/media?parent=6837"}],"wp:term":[{"taxonomy":"product_cat","embeddable":true,"href":"https:\/\/www.power2max.com\/fr\/wp-json\/wp\/v2\/product_cat?post=6837"},{"taxonomy":"product_tag","embeddable":true,"href":"https:\/\/www.power2max.com\/fr\/wp-json\/wp\/v2\/product_tag?post=6837"},{"taxonomy":"model","embeddable":true,"href":"https:\/\/www.power2max.com\/fr\/wp-json\/wp\/v2\/model?post=6837"}],"curies":[{"name":"wp","href":"https:\/\/api.w.org\/{rel}","templated":true}]}}