{"id":6835,"date":"2017-12-13T15:23:25","date_gmt":"2017-12-13T15:28:48","guid":{"rendered":"https:\/\/www.power2max.com\/product\/boitier-fsa-megaexo-pour-ita\/"},"modified":"2024-10-30T09:22:24","modified_gmt":"2024-10-30T09:22:24","slug":"boitier-fsa-megaexo-pour-ita","status":"publish","type":"product","link":"https:\/\/www.power2max.com\/fr\/produit\/boitier-fsa-megaexo-pour-ita\/","title":{"rendered":"Bo\u00eetier FSA Megaexo pour ITA"},"content":{"rendered":"<p>Bo\u00eetier de p\u00e9dalier pour FSA Gossamer Megaexo, FSA K-Force Light Megaexo et Rotor 3D24<br \/>\nPour cadres ITA<\/p>\n","protected":false},"excerpt":{"rendered":"<p>Bo\u00eetier de p\u00e9dalier pour FSA Gossamer Megaexo, FSA K-Force Light Megaexo et Rotor 3D24 Pour cadres ITA<\/p>\n","protected":false},"featured_media":0,"comment_status":"open","ping_status":"closed","template":"","meta":[],"product_brand":[],"product_cat":[393,414],"product_tag":[],"model":[],"class_list":{"0":"post-6835","1":"product","2":"type-product","3":"status-publish","5":"product_cat-4-fr","6":"product_cat-44-fr","8":"first","9":"outofstock","10":"taxable","11":"shipping-taxable","12":"product-type-variable"},"acf":[],"_links":{"self":[{"href":"https:\/\/www.power2max.com\/fr\/wp-json\/wp\/v2\/product\/6835","targetHints":{"allow":["GET"]}}],"collection":[{"href":"https:\/\/www.power2max.com\/fr\/wp-json\/wp\/v2\/product"}],"about":[{"href":"https:\/\/www.power2max.com\/fr\/wp-json\/wp\/v2\/types\/product"}],"replies":[{"embeddable":true,"href":"https:\/\/www.power2max.com\/fr\/wp-json\/wp\/v2\/comments?post=6835"}],"wp:attachment":[{"href":"https:\/\/www.power2max.com\/fr\/wp-json\/wp\/v2\/media?parent=6835"}],"wp:term":[{"taxonomy":"product_brand","embeddable":true,"href":"https:\/\/www.power2max.com\/fr\/wp-json\/wp\/v2\/product_brand?post=6835"},{"taxonomy":"product_cat","embeddable":true,"href":"https:\/\/www.power2max.com\/fr\/wp-json\/wp\/v2\/product_cat?post=6835"},{"taxonomy":"product_tag","embeddable":true,"href":"https:\/\/www.power2max.com\/fr\/wp-json\/wp\/v2\/product_tag?post=6835"},{"taxonomy":"model","embeddable":true,"href":"https:\/\/www.power2max.com\/fr\/wp-json\/wp\/v2\/model?post=6835"}],"curies":[{"name":"wp","href":"https:\/\/api.w.org\/{rel}","templated":true}]}}