{"id":6834,"date":"2017-12-13T15:23:25","date_gmt":"2017-12-13T15:28:47","guid":{"rendered":"https:\/\/www.power2max.com\/product\/boitier-fsa-bb386evo-pour-bsa\/"},"modified":"2025-10-24T23:22:44","modified_gmt":"2025-10-24T23:22:44","slug":"boitier-fsa-bb386evo-pour-bsa","status":"publish","type":"product","link":"https:\/\/www.power2max.com\/fr\/produit\/boitier-fsa-bb386evo-pour-bsa\/","title":{"rendered":"Bo\u00eetier FSA BB386EVO pour BSA"},"content":{"rendered":"<p>Bo\u00eetier de p\u00e9dalier pour manivelles FSA K-Force Light BB386EVO et FSA Gossamer BB386EVO<br \/>\nIMPORTANT : PAS compatible avec Rotor 3D+, 3D30 et Flow<br \/>\nPour installation sur cadres BSA68 (route, avec cuvettes externes et filetage anglais)<br \/>\nDisponible sans et avec outil de montage<\/p>\n","protected":false},"excerpt":{"rendered":"<p>Bo\u00eetier de p\u00e9dalier pour manivelles FSA K-Force Light BB386EVO et FSA Gossamer BB386EVO IMPORTANT : PAS compatible avec Rotor 3D+, [&hellip;]<\/p>\n","protected":false},"featured_media":0,"comment_status":"open","ping_status":"closed","template":"","meta":[],"product_brand":[],"product_cat":[393,414],"product_tag":[],"model":[],"class_list":{"0":"post-6834","1":"product","2":"type-product","3":"status-publish","5":"product_cat-4-fr","6":"product_cat-44-fr","8":"first","9":"instock","10":"taxable","11":"shipping-taxable","12":"purchasable","13":"product-type-variable"},"acf":[],"_links":{"self":[{"href":"https:\/\/www.power2max.com\/fr\/wp-json\/wp\/v2\/product\/6834","targetHints":{"allow":["GET"]}}],"collection":[{"href":"https:\/\/www.power2max.com\/fr\/wp-json\/wp\/v2\/product"}],"about":[{"href":"https:\/\/www.power2max.com\/fr\/wp-json\/wp\/v2\/types\/product"}],"replies":[{"embeddable":true,"href":"https:\/\/www.power2max.com\/fr\/wp-json\/wp\/v2\/comments?post=6834"}],"wp:attachment":[{"href":"https:\/\/www.power2max.com\/fr\/wp-json\/wp\/v2\/media?parent=6834"}],"wp:term":[{"taxonomy":"product_brand","embeddable":true,"href":"https:\/\/www.power2max.com\/fr\/wp-json\/wp\/v2\/product_brand?post=6834"},{"taxonomy":"product_cat","embeddable":true,"href":"https:\/\/www.power2max.com\/fr\/wp-json\/wp\/v2\/product_cat?post=6834"},{"taxonomy":"product_tag","embeddable":true,"href":"https:\/\/www.power2max.com\/fr\/wp-json\/wp\/v2\/product_tag?post=6834"},{"taxonomy":"model","embeddable":true,"href":"https:\/\/www.power2max.com\/fr\/wp-json\/wp\/v2\/model?post=6834"}],"curies":[{"name":"wp","href":"https:\/\/api.w.org\/{rel}","templated":true}]}}