{"id":68333,"date":"2025-05-19T14:41:22","date_gmt":"2025-05-19T14:41:22","guid":{"rendered":"https:\/\/www.power2max.com\/product\/ngeco-track-power2max-gran-fondo-power-meter-set-with-granfondo-crankset\/"},"modified":"2025-10-29T23:22:21","modified_gmt":"2025-10-29T23:22:21","slug":"ngeco-track-power2max-gran-fondo-power-meter-set-with-granfondo-crankset","status":"publish","type":"product","link":"https:\/\/www.power2max.com\/fr\/produit\/ngeco-track-power2max-gran-fondo-power-meter-set-with-granfondo-crankset\/","title":{"rendered":"NGeco Track power2max Ensemble capteur de puissance Gran Fondo avec p\u00e9dalier GranFondo"},"content":{"rendered":"<p>Nous avons d\u00e9velopp\u00e9 un nouveau capteur de puissance TRACK (p2m), compatible avec notre tr\u00e8s populaire p\u00e9dalier GranFondo. La ligne de cha\u00eene est d\u2019environ 42\u202fmm et peut \u00eatre ajust\u00e9e via le p2m. Le diam\u00e8tre du cercle de boulons (BCD) est de 144\u202fmm.<\/p>\n","protected":false},"excerpt":{"rendered":"<p>Nous avons d\u00e9velopp\u00e9 un nouveau capteur de puissance TRACK (p2m), compatible avec notre tr\u00e8s populaire p\u00e9dalier GranFondo. La ligne de [&hellip;]<\/p>\n","protected":false},"featured_media":0,"comment_status":"open","ping_status":"closed","template":"","meta":[],"product_brand":[],"product_cat":[409,421],"product_tag":[],"model":[],"class_list":{"0":"post-68333","1":"product","2":"type-product","3":"status-publish","5":"product_cat-32-fr","6":"product_cat-power-meter-fr","8":"first","9":"instock","10":"taxable","11":"shipping-taxable","12":"purchasable","13":"product-type-simple"},"acf":[],"_links":{"self":[{"href":"https:\/\/www.power2max.com\/fr\/wp-json\/wp\/v2\/product\/68333","targetHints":{"allow":["GET"]}}],"collection":[{"href":"https:\/\/www.power2max.com\/fr\/wp-json\/wp\/v2\/product"}],"about":[{"href":"https:\/\/www.power2max.com\/fr\/wp-json\/wp\/v2\/types\/product"}],"replies":[{"embeddable":true,"href":"https:\/\/www.power2max.com\/fr\/wp-json\/wp\/v2\/comments?post=68333"}],"wp:attachment":[{"href":"https:\/\/www.power2max.com\/fr\/wp-json\/wp\/v2\/media?parent=68333"}],"wp:term":[{"taxonomy":"product_brand","embeddable":true,"href":"https:\/\/www.power2max.com\/fr\/wp-json\/wp\/v2\/product_brand?post=68333"},{"taxonomy":"product_cat","embeddable":true,"href":"https:\/\/www.power2max.com\/fr\/wp-json\/wp\/v2\/product_cat?post=68333"},{"taxonomy":"product_tag","embeddable":true,"href":"https:\/\/www.power2max.com\/fr\/wp-json\/wp\/v2\/product_tag?post=68333"},{"taxonomy":"model","embeddable":true,"href":"https:\/\/www.power2max.com\/fr\/wp-json\/wp\/v2\/model?post=68333"}],"curies":[{"name":"wp","href":"https:\/\/api.w.org\/{rel}","templated":true}]}}