{"id":6833,"date":"2017-12-13T15:23:25","date_gmt":"2017-12-13T15:28:47","guid":{"rendered":"https:\/\/www.power2max.com\/product\/boitier-fsa-megaexo-pour-bsa\/"},"modified":"2025-10-24T23:22:39","modified_gmt":"2025-10-24T23:22:39","slug":"boitier-fsa-megaexo-pour-bsa","status":"publish","type":"product","link":"https:\/\/www.power2max.com\/fr\/produit\/boitier-fsa-megaexo-pour-bsa\/","title":{"rendered":"Bo\u00eetier FSA Megaexo pour BSA"},"content":{"rendered":"<p>Bo\u00eetier de p\u00e9dalier pour FSA Gossamer Megaexo, FSA K-Force Light Megaexo et Rotor 3D24<br \/>\nPour cadres BSA<\/p>\n","protected":false},"excerpt":{"rendered":"<p>Bo\u00eetier de p\u00e9dalier pour FSA Gossamer Megaexo, FSA K-Force Light Megaexo et Rotor 3D24 Pour cadres BSA<\/p>\n","protected":false},"featured_media":0,"comment_status":"open","ping_status":"closed","template":"","meta":[],"product_brand":[],"product_cat":[393,414],"product_tag":[],"model":[],"class_list":{"0":"post-6833","1":"product","2":"type-product","3":"status-publish","5":"product_cat-4-fr","6":"product_cat-44-fr","8":"first","9":"instock","10":"taxable","11":"shipping-taxable","12":"purchasable","13":"product-type-variable"},"acf":[],"_links":{"self":[{"href":"https:\/\/www.power2max.com\/fr\/wp-json\/wp\/v2\/product\/6833","targetHints":{"allow":["GET"]}}],"collection":[{"href":"https:\/\/www.power2max.com\/fr\/wp-json\/wp\/v2\/product"}],"about":[{"href":"https:\/\/www.power2max.com\/fr\/wp-json\/wp\/v2\/types\/product"}],"replies":[{"embeddable":true,"href":"https:\/\/www.power2max.com\/fr\/wp-json\/wp\/v2\/comments?post=6833"}],"wp:attachment":[{"href":"https:\/\/www.power2max.com\/fr\/wp-json\/wp\/v2\/media?parent=6833"}],"wp:term":[{"taxonomy":"product_brand","embeddable":true,"href":"https:\/\/www.power2max.com\/fr\/wp-json\/wp\/v2\/product_brand?post=6833"},{"taxonomy":"product_cat","embeddable":true,"href":"https:\/\/www.power2max.com\/fr\/wp-json\/wp\/v2\/product_cat?post=6833"},{"taxonomy":"product_tag","embeddable":true,"href":"https:\/\/www.power2max.com\/fr\/wp-json\/wp\/v2\/product_tag?post=6833"},{"taxonomy":"model","embeddable":true,"href":"https:\/\/www.power2max.com\/fr\/wp-json\/wp\/v2\/model?post=6833"}],"curies":[{"name":"wp","href":"https:\/\/api.w.org\/{rel}","templated":true}]}}