{"id":68319,"date":"2025-05-19T14:41:41","date_gmt":"2025-05-19T14:41:41","guid":{"rendered":"https:\/\/www.power2max.com\/product\/ng-sram-power-meter-track\/"},"modified":"2025-10-24T23:30:55","modified_gmt":"2025-10-24T23:30:55","slug":"ng-sram-power-meter-track","status":"publish","type":"product","link":"https:\/\/www.power2max.com\/fr\/produit\/ng-sram-power-meter-track\/","title":{"rendered":"NG Piste SRAM capteur de puissance"},"content":{"rendered":"<p>Nous avons d\u00e9velopp\u00e9 un nouveau capteur de puissance TRACK (p2m), compatible avec diff\u00e9rentes interfaces \u00e0 3 trous. Il peut \u00eatre utilis\u00e9 avec des manivelles SRAM, Praxis Works et TA. La ligne de cha\u00eene est d\u2019environ 42 mm et peut \u00eatre ajust\u00e9e via le p2m. Le diam\u00e8tre du cercle de boulons (BCD) est de 144 mm.<\/p>\n","protected":false},"excerpt":{"rendered":"<p>Nous avons d\u00e9velopp\u00e9 un nouveau capteur de puissance TRACK (p2m), compatible avec diff\u00e9rentes interfaces \u00e0 3 trous. Il peut \u00eatre [&hellip;]<\/p>\n","protected":false},"featured_media":0,"comment_status":"open","ping_status":"closed","template":"","meta":[],"product_brand":[],"product_cat":[408,421],"product_tag":[],"model":[],"class_list":{"0":"post-68319","1":"product","2":"type-product","3":"status-publish","5":"product_cat-31-fr","6":"product_cat-power-meter-fr","8":"first","9":"instock","10":"taxable","11":"shipping-taxable","12":"purchasable","13":"product-type-simple"},"acf":[],"_links":{"self":[{"href":"https:\/\/www.power2max.com\/fr\/wp-json\/wp\/v2\/product\/68319","targetHints":{"allow":["GET"]}}],"collection":[{"href":"https:\/\/www.power2max.com\/fr\/wp-json\/wp\/v2\/product"}],"about":[{"href":"https:\/\/www.power2max.com\/fr\/wp-json\/wp\/v2\/types\/product"}],"replies":[{"embeddable":true,"href":"https:\/\/www.power2max.com\/fr\/wp-json\/wp\/v2\/comments?post=68319"}],"wp:attachment":[{"href":"https:\/\/www.power2max.com\/fr\/wp-json\/wp\/v2\/media?parent=68319"}],"wp:term":[{"taxonomy":"product_brand","embeddable":true,"href":"https:\/\/www.power2max.com\/fr\/wp-json\/wp\/v2\/product_brand?post=68319"},{"taxonomy":"product_cat","embeddable":true,"href":"https:\/\/www.power2max.com\/fr\/wp-json\/wp\/v2\/product_cat?post=68319"},{"taxonomy":"product_tag","embeddable":true,"href":"https:\/\/www.power2max.com\/fr\/wp-json\/wp\/v2\/product_tag?post=68319"},{"taxonomy":"model","embeddable":true,"href":"https:\/\/www.power2max.com\/fr\/wp-json\/wp\/v2\/model?post=68319"}],"curies":[{"name":"wp","href":"https:\/\/api.w.org\/{rel}","templated":true}]}}