{"id":6376,"date":"2017-12-13T15:23:17","date_gmt":"2017-12-13T15:26:21","guid":{"rendered":"https:\/\/www.power2max.com\/product\/ng-cable-2\/"},"modified":"2025-12-10T07:20:03","modified_gmt":"2025-12-10T07:20:03","slug":"ng-cable-2","status":"publish","type":"product","link":"https:\/\/www.power2max.com\/fr\/produit\/ng-cable-2\/","title":{"rendered":"NG c\u00e2ble"},"content":{"rendered":"<p>C\u00e2ble pour recharger les capteurs de puissance NG (USB 2.0, USB \u00e0 Micro USB)<\/p>\n<p>Ce c\u00e2ble est uniquement utilisable pour les powermeters NG jusqu&rsquo;au num\u00e9ro de s\u00e9rie 089194.<\/p>\n","protected":false},"excerpt":{"rendered":"<p>C\u00e2ble pour recharger les capteurs de puissance NG (USB 2.0, USB \u00e0 Micro USB) Ce c\u00e2ble est uniquement utilisable pour [&hellip;]<\/p>\n","protected":false},"featured_media":0,"comment_status":"open","ping_status":"closed","template":"","meta":[],"product_brand":[],"product_cat":[393,602],"product_tag":[],"model":[],"class_list":{"0":"post-6376","1":"product","2":"type-product","3":"status-publish","5":"product_cat-4-fr","6":"product_cat-47-fr","8":"first","9":"instock","10":"taxable","11":"shipping-taxable","12":"purchasable","13":"product-type-simple"},"acf":[],"_links":{"self":[{"href":"https:\/\/www.power2max.com\/fr\/wp-json\/wp\/v2\/product\/6376","targetHints":{"allow":["GET"]}}],"collection":[{"href":"https:\/\/www.power2max.com\/fr\/wp-json\/wp\/v2\/product"}],"about":[{"href":"https:\/\/www.power2max.com\/fr\/wp-json\/wp\/v2\/types\/product"}],"replies":[{"embeddable":true,"href":"https:\/\/www.power2max.com\/fr\/wp-json\/wp\/v2\/comments?post=6376"}],"wp:attachment":[{"href":"https:\/\/www.power2max.com\/fr\/wp-json\/wp\/v2\/media?parent=6376"}],"wp:term":[{"taxonomy":"product_brand","embeddable":true,"href":"https:\/\/www.power2max.com\/fr\/wp-json\/wp\/v2\/product_brand?post=6376"},{"taxonomy":"product_cat","embeddable":true,"href":"https:\/\/www.power2max.com\/fr\/wp-json\/wp\/v2\/product_cat?post=6376"},{"taxonomy":"product_tag","embeddable":true,"href":"https:\/\/www.power2max.com\/fr\/wp-json\/wp\/v2\/product_tag?post=6376"},{"taxonomy":"model","embeddable":true,"href":"https:\/\/www.power2max.com\/fr\/wp-json\/wp\/v2\/model?post=6376"}],"curies":[{"name":"wp","href":"https:\/\/api.w.org\/{rel}","templated":true}]}}