{"id":6359,"date":"2017-12-13T15:23:21","date_gmt":"2017-12-13T15:26:16","guid":{"rendered":"https:\/\/www.power2max.com\/product\/fsa-powerbox-mise-a-jour-torque\/"},"modified":"2025-10-24T23:32:24","modified_gmt":"2025-10-24T23:32:24","slug":"fsa-powerbox-mise-a-jour-torque","status":"publish","type":"product","link":"https:\/\/www.power2max.com\/fr\/produit\/fsa-powerbox-mise-a-jour-torque\/","title":{"rendered":"FSA Powerbox mise \u00e0 jour Torque"},"content":{"rendered":"<p>Torque est une valeur int\u00e9ressante pour tous les sprinters et les cyclistes sur piste. Cette valeur indique la puissance ind\u00e9pendamment de la cadence. Remarque: demandez au fabricant de votre cycle computer s&rsquo;il peut afficher les valeurs de torque avant de mettre \u00e0 jour votre FSA Powerbox. Choisissez votre mise \u00e0 jour!<\/p>\n","protected":false},"excerpt":{"rendered":"<p>Torque est une valeur int\u00e9ressante pour tous les sprinters et les cyclistes sur piste. Cette valeur indique la puissance ind\u00e9pendamment [&hellip;]<\/p>\n","protected":false},"featured_media":0,"comment_status":"open","ping_status":"closed","template":"","meta":[],"product_brand":[],"product_cat":[395],"product_tag":[],"model":[],"class_list":{"0":"post-6359","1":"product","2":"type-product","3":"status-publish","5":"product_cat-6-fr","7":"first","8":"instock","9":"virtual","10":"sold-individually","11":"taxable","12":"purchasable","13":"product-type-simple"},"acf":[],"_links":{"self":[{"href":"https:\/\/www.power2max.com\/fr\/wp-json\/wp\/v2\/product\/6359","targetHints":{"allow":["GET"]}}],"collection":[{"href":"https:\/\/www.power2max.com\/fr\/wp-json\/wp\/v2\/product"}],"about":[{"href":"https:\/\/www.power2max.com\/fr\/wp-json\/wp\/v2\/types\/product"}],"replies":[{"embeddable":true,"href":"https:\/\/www.power2max.com\/fr\/wp-json\/wp\/v2\/comments?post=6359"}],"wp:attachment":[{"href":"https:\/\/www.power2max.com\/fr\/wp-json\/wp\/v2\/media?parent=6359"}],"wp:term":[{"taxonomy":"product_brand","embeddable":true,"href":"https:\/\/www.power2max.com\/fr\/wp-json\/wp\/v2\/product_brand?post=6359"},{"taxonomy":"product_cat","embeddable":true,"href":"https:\/\/www.power2max.com\/fr\/wp-json\/wp\/v2\/product_cat?post=6359"},{"taxonomy":"product_tag","embeddable":true,"href":"https:\/\/www.power2max.com\/fr\/wp-json\/wp\/v2\/product_tag?post=6359"},{"taxonomy":"model","embeddable":true,"href":"https:\/\/www.power2max.com\/fr\/wp-json\/wp\/v2\/model?post=6359"}],"curies":[{"name":"wp","href":"https:\/\/api.w.org\/{rel}","templated":true}]}}