{"id":6262,"date":"2017-12-13T15:23:09","date_gmt":"2017-12-13T15:23:09","guid":{"rendered":"https:\/\/www.power2max.com\/product\/ngeco-vtt-sram-capteur-de-puissance-mono-plat-standard\/"},"modified":"2025-11-03T18:34:12","modified_gmt":"2025-11-03T18:34:12","slug":"ngeco-vtt-sram-capteur-de-puissance-mono-plat-standard","status":"publish","type":"product","link":"https:\/\/www.power2max.com\/fr\/produit\/ngeco-vtt-sram-capteur-de-puissance-mono-plat-standard\/","title":{"rendered":"NGeco VTT SRAM capteur de puissance mono-plat (standard)"},"content":{"rendered":"<p>Le capteur de puissance NGeco VTT Sram (standard) est l&rsquo;etoile avec capteur de puissance pour tous les cyclistes de VTT qui ont d\u00e9j\u00e0 un p\u00e9dalier Sram avec montage directe mono-plat ou manivelles Sram avec Q-factor 168mm (Ce mod\u00e8le utilise 3 vis pour installer l&rsquo;araign\u00e9e).<br \/>\nLe capteur de puissance NGeco VTT Sram mono-plat (standard) est disponible pour les lignes de la cha\u00eene standard. Remarque : ce powermeter remplace le plateau de cha\u00eene Direct Mount. Pour pouvoir utiliser le Powermeter, un nouveau plateau avec un cercle de trous de 104mm et des vis de plateau correspondantes sont n\u00e9cessaires.<\/p>\n<p><strong>Les fonctions \u00c9quilibre et Souplesse de la p\u00e9dale sont d\u00e9j\u00e0 activ\u00e9es.<\/strong><\/p>\n","protected":false},"excerpt":{"rendered":"<p>Le capteur de puissance NGeco VTT Sram (standard) est l&rsquo;etoile avec capteur de puissance pour tous les cyclistes de VTT [&hellip;]<\/p>\n","protected":false},"featured_media":0,"comment_status":"open","ping_status":"closed","template":"","meta":[],"product_brand":[],"product_cat":[405,421],"product_tag":[],"model":[158],"class_list":{"0":"post-6262","1":"product","2":"type-product","3":"status-publish","5":"product_cat-22-fr","6":"product_cat-power-meter-fr","7":"model-sram","9":"first","10":"instock","11":"taxable","12":"shipping-taxable","13":"purchasable","14":"product-type-simple"},"acf":[],"_links":{"self":[{"href":"https:\/\/www.power2max.com\/fr\/wp-json\/wp\/v2\/product\/6262","targetHints":{"allow":["GET"]}}],"collection":[{"href":"https:\/\/www.power2max.com\/fr\/wp-json\/wp\/v2\/product"}],"about":[{"href":"https:\/\/www.power2max.com\/fr\/wp-json\/wp\/v2\/types\/product"}],"replies":[{"embeddable":true,"href":"https:\/\/www.power2max.com\/fr\/wp-json\/wp\/v2\/comments?post=6262"}],"wp:attachment":[{"href":"https:\/\/www.power2max.com\/fr\/wp-json\/wp\/v2\/media?parent=6262"}],"wp:term":[{"taxonomy":"product_brand","embeddable":true,"href":"https:\/\/www.power2max.com\/fr\/wp-json\/wp\/v2\/product_brand?post=6262"},{"taxonomy":"product_cat","embeddable":true,"href":"https:\/\/www.power2max.com\/fr\/wp-json\/wp\/v2\/product_cat?post=6262"},{"taxonomy":"product_tag","embeddable":true,"href":"https:\/\/www.power2max.com\/fr\/wp-json\/wp\/v2\/product_tag?post=6262"},{"taxonomy":"model","embeddable":true,"href":"https:\/\/www.power2max.com\/fr\/wp-json\/wp\/v2\/model?post=6262"}],"curies":[{"name":"wp","href":"https:\/\/api.w.org\/{rel}","templated":true}]}}