{"id":6255,"date":"2017-12-13T15:23:10","date_gmt":"2017-12-13T15:23:10","guid":{"rendered":"https:\/\/www.power2max.com\/product\/ng-route-sram-capteur-de-puissance\/"},"modified":"2025-10-31T14:17:21","modified_gmt":"2025-10-31T14:17:21","slug":"ng-route-sram-capteur-de-puissance-2","status":"publish","type":"product","link":"https:\/\/www.power2max.com\/fr\/produit\/ng-route-sram-capteur-de-puissance-2\/","title":{"rendered":"NGeco Route SRAM capteur de puissance"},"content":{"rendered":"<p>L&rsquo;\u00e9toile, avec capteur de puissance NGeco Route SRAM est le capteur de puissance pour tous les cyclistes qui utilisent d\u00e9j\u00e0 manivelles SRAM ave 3 vis d&rsquo;ancrage (<strong>SRAM Force 1, Rival 1, Force 22, Rival 22, S900<\/strong>).<\/p>\n<p><strong>Les deux fonctions Balance et Pedal Smoothness sont d\u00e9j\u00e0 activ\u00e9es.<\/strong><\/p>\n","protected":false},"excerpt":{"rendered":"<p>L&rsquo;\u00e9toile, avec capteur de puissance NGeco Route SRAM est le capteur de puissance pour tous les cyclistes qui utilisent d\u00e9j\u00e0 [&hellip;]<\/p>\n","protected":false},"featured_media":0,"comment_status":"open","ping_status":"closed","template":"","meta":[],"product_brand":[],"product_cat":[401,421],"product_tag":[],"model":[158],"class_list":{"0":"post-6255","1":"product","2":"type-product","3":"status-publish","5":"product_cat-12-fr","6":"product_cat-power-meter-fr","7":"model-sram","9":"first","10":"instock","11":"taxable","12":"shipping-taxable","13":"purchasable","14":"product-type-simple"},"acf":[],"_links":{"self":[{"href":"https:\/\/www.power2max.com\/fr\/wp-json\/wp\/v2\/product\/6255","targetHints":{"allow":["GET"]}}],"collection":[{"href":"https:\/\/www.power2max.com\/fr\/wp-json\/wp\/v2\/product"}],"about":[{"href":"https:\/\/www.power2max.com\/fr\/wp-json\/wp\/v2\/types\/product"}],"replies":[{"embeddable":true,"href":"https:\/\/www.power2max.com\/fr\/wp-json\/wp\/v2\/comments?post=6255"}],"wp:attachment":[{"href":"https:\/\/www.power2max.com\/fr\/wp-json\/wp\/v2\/media?parent=6255"}],"wp:term":[{"taxonomy":"product_brand","embeddable":true,"href":"https:\/\/www.power2max.com\/fr\/wp-json\/wp\/v2\/product_brand?post=6255"},{"taxonomy":"product_cat","embeddable":true,"href":"https:\/\/www.power2max.com\/fr\/wp-json\/wp\/v2\/product_cat?post=6255"},{"taxonomy":"product_tag","embeddable":true,"href":"https:\/\/www.power2max.com\/fr\/wp-json\/wp\/v2\/product_tag?post=6255"},{"taxonomy":"model","embeddable":true,"href":"https:\/\/www.power2max.com\/fr\/wp-json\/wp\/v2\/model?post=6255"}],"curies":[{"name":"wp","href":"https:\/\/api.w.org\/{rel}","templated":true}]}}