{"id":6246,"date":"2017-12-13T15:23:11","date_gmt":"2017-12-13T15:23:11","guid":{"rendered":"https:\/\/www.power2max.com\/product\/ng-vtt-sram-capteur-de-puissance-mono-plat-standard\/"},"modified":"2025-10-24T23:30:21","modified_gmt":"2025-10-24T23:30:21","slug":"ng-vtt-sram-capteur-de-puissance-mono-plat-standard","status":"publish","type":"product","link":"https:\/\/www.power2max.com\/fr\/produit\/ng-vtt-sram-capteur-de-puissance-mono-plat-standard\/","title":{"rendered":"NG VTT SRAM capteur de puissance mono-plat (standard)"},"content":{"rendered":"<p>Le capteur de puissance NG VTT Sram (standard) est l&rsquo;etoile avec capteur de puissance pour tous les cyclistes de VTT qui ont d\u00e9j\u00e0 un p\u00e9dalier Sram avec montage directe mono-plat ou manivelles Sram avec Q-factor 168mm (Ce mod\u00e8le utilise 3 vis pour installer l&rsquo;araign\u00e9e). Le capteur de puissance NG VTT Sram mono-plat (standard) est disponible pour les lignes de la cha\u00eene standard (non-boost, 49mm)<\/p>\n<p><b>Contenu:<\/b> Capteur de puissance avec couvercle en silicone, Guide de d\u00e9marrage rapide, C\u00e2ble pour recharger, Anneau color\u00e9 2D, Adaptateur de ligne de cha\u00eene<\/p>\n<p>Remarque : ce powermeter remplace le plateau de cha\u00eene Direct Mount. Pour pouvoir utiliser le Powermeter, un nouveau plateau avec un cercle de trous de 104mm et des vis de plateau correspondantes sont n\u00e9cessaires..<\/p>\n","protected":false},"excerpt":{"rendered":"<p>Le capteur de puissance NG VTT Sram (standard) est l&rsquo;etoile avec capteur de puissance pour tous les cyclistes de VTT [&hellip;]<\/p>\n","protected":false},"featured_media":0,"comment_status":"open","ping_status":"closed","template":"","meta":[],"product_brand":[],"product_cat":[404,421],"product_tag":[],"model":[],"class_list":{"0":"post-6246","1":"product","2":"type-product","3":"status-publish","5":"product_cat-21-fr","6":"product_cat-power-meter-fr","8":"first","9":"instock","10":"taxable","11":"shipping-taxable","12":"purchasable","13":"product-type-simple"},"acf":[],"_links":{"self":[{"href":"https:\/\/www.power2max.com\/fr\/wp-json\/wp\/v2\/product\/6246","targetHints":{"allow":["GET"]}}],"collection":[{"href":"https:\/\/www.power2max.com\/fr\/wp-json\/wp\/v2\/product"}],"about":[{"href":"https:\/\/www.power2max.com\/fr\/wp-json\/wp\/v2\/types\/product"}],"replies":[{"embeddable":true,"href":"https:\/\/www.power2max.com\/fr\/wp-json\/wp\/v2\/comments?post=6246"}],"wp:attachment":[{"href":"https:\/\/www.power2max.com\/fr\/wp-json\/wp\/v2\/media?parent=6246"}],"wp:term":[{"taxonomy":"product_brand","embeddable":true,"href":"https:\/\/www.power2max.com\/fr\/wp-json\/wp\/v2\/product_brand?post=6246"},{"taxonomy":"product_cat","embeddable":true,"href":"https:\/\/www.power2max.com\/fr\/wp-json\/wp\/v2\/product_cat?post=6246"},{"taxonomy":"product_tag","embeddable":true,"href":"https:\/\/www.power2max.com\/fr\/wp-json\/wp\/v2\/product_tag?post=6246"},{"taxonomy":"model","embeddable":true,"href":"https:\/\/www.power2max.com\/fr\/wp-json\/wp\/v2\/model?post=6246"}],"curies":[{"name":"wp","href":"https:\/\/api.w.org\/{rel}","templated":true}]}}