{"id":6237,"date":"2017-12-13T15:23:12","date_gmt":"2017-12-13T15:23:12","guid":{"rendered":"https:\/\/www.power2max.com\/product\/ng-route-rotor-3dcapteur-de-puissance\/"},"modified":"2025-10-29T23:22:39","modified_gmt":"2025-10-29T23:22:39","slug":"ng-route-rotor-3dcapteur-de-puissance","status":"publish","type":"product","link":"https:\/\/www.power2max.com\/fr\/produit\/ng-route-rotor-3dcapteur-de-puissance\/","title":{"rendered":"NG Route Rotor 3D+capteur de puissance"},"content":{"rendered":"<p>L&rsquo;\u00e9toile, avec capteur de puissance NG Route Rotor 3D+ est le capteur de puissance pour tous les cyclistes qui utilisent d\u00e9j\u00e0 manivelles Rotor 3D+ \/ 3D30 \/ 3DF \/ Flow.<\/p>\n","protected":false},"excerpt":{"rendered":"<p>L&rsquo;\u00e9toile, avec capteur de puissance NG Route Rotor 3D+ est le capteur de puissance pour tous les cyclistes qui utilisent [&hellip;]<\/p>\n","protected":false},"featured_media":0,"comment_status":"open","ping_status":"closed","template":"","meta":[],"product_brand":[],"product_cat":[400,421],"product_tag":[],"model":[],"class_list":{"0":"post-6237","1":"product","2":"type-product","3":"status-publish","5":"product_cat-11-fr","6":"product_cat-power-meter-fr","8":"first","9":"instock","10":"taxable","11":"shipping-taxable","12":"purchasable","13":"product-type-simple"},"acf":[],"_links":{"self":[{"href":"https:\/\/www.power2max.com\/fr\/wp-json\/wp\/v2\/product\/6237","targetHints":{"allow":["GET"]}}],"collection":[{"href":"https:\/\/www.power2max.com\/fr\/wp-json\/wp\/v2\/product"}],"about":[{"href":"https:\/\/www.power2max.com\/fr\/wp-json\/wp\/v2\/types\/product"}],"replies":[{"embeddable":true,"href":"https:\/\/www.power2max.com\/fr\/wp-json\/wp\/v2\/comments?post=6237"}],"wp:attachment":[{"href":"https:\/\/www.power2max.com\/fr\/wp-json\/wp\/v2\/media?parent=6237"}],"wp:term":[{"taxonomy":"product_brand","embeddable":true,"href":"https:\/\/www.power2max.com\/fr\/wp-json\/wp\/v2\/product_brand?post=6237"},{"taxonomy":"product_cat","embeddable":true,"href":"https:\/\/www.power2max.com\/fr\/wp-json\/wp\/v2\/product_cat?post=6237"},{"taxonomy":"product_tag","embeddable":true,"href":"https:\/\/www.power2max.com\/fr\/wp-json\/wp\/v2\/product_tag?post=6237"},{"taxonomy":"model","embeddable":true,"href":"https:\/\/www.power2max.com\/fr\/wp-json\/wp\/v2\/model?post=6237"}],"curies":[{"name":"wp","href":"https:\/\/api.w.org\/{rel}","templated":true}]}}