{"id":61610,"date":"2023-07-12T07:32:34","date_gmt":"2023-07-12T07:32:34","guid":{"rendered":"https:\/\/www.power2max.com\/product\/ng-vtt-sram-capteur-de-puissance-mono-plat-super-boost\/"},"modified":"2025-10-24T23:30:23","modified_gmt":"2025-10-24T23:30:23","slug":"ng-vtt-sram-capteur-de-puissance-mono-plat-super-boost","status":"publish","type":"product","link":"https:\/\/www.power2max.com\/fr\/produit\/ng-vtt-sram-capteur-de-puissance-mono-plat-super-boost\/","title":{"rendered":"NG VTT SRAM Capteur de Puissance Mono-Plat (Super Boost)"},"content":{"rendered":"<p>Le NG VTT SRAM Capteur de Puissance Mono-plat (Super Boost) est con\u00e7u pour les manivelles SRAM et Truvativ qui utilisent la ligne de cha\u00eene Super Boost de 55mm et les plateaux sans offset (0mm Offset). Ce Powermeter utilise l&rsquo;interface SRAM avec 3 boulons pour monter le Spider ou un plateau Direct Mount.<\/p>\n<p>Le powermeter remplace le plateau Direct Mount, pour cette raison un nouveau plateau avec BCD 104mm et les boulons de plateau correspondants sont n\u00e9cessaires.<\/p>\n<p>Contenu de la livraison : powermeter avec ligne de cha\u00eene Super Boost et BCD 104, couvercle en silicone, C\u00e2ble pour recharger, bague de couleur 2D, guide de d\u00e9marrage rapide.<\/p>\n","protected":false},"excerpt":{"rendered":"<p>Le NG VTT SRAM Capteur de Puissance Mono-plat (Super Boost) est con\u00e7u pour les manivelles SRAM et Truvativ qui utilisent [&hellip;]<\/p>\n","protected":false},"featured_media":0,"comment_status":"open","ping_status":"closed","template":"","meta":[],"product_brand":[],"product_cat":[404,421],"product_tag":[],"model":[158],"class_list":{"0":"post-61610","1":"product","2":"type-product","3":"status-publish","5":"product_cat-21-fr","6":"product_cat-power-meter-fr","7":"model-sram","9":"first","10":"instock","11":"taxable","12":"shipping-taxable","13":"purchasable","14":"product-type-simple"},"acf":[],"_links":{"self":[{"href":"https:\/\/www.power2max.com\/fr\/wp-json\/wp\/v2\/product\/61610","targetHints":{"allow":["GET"]}}],"collection":[{"href":"https:\/\/www.power2max.com\/fr\/wp-json\/wp\/v2\/product"}],"about":[{"href":"https:\/\/www.power2max.com\/fr\/wp-json\/wp\/v2\/types\/product"}],"replies":[{"embeddable":true,"href":"https:\/\/www.power2max.com\/fr\/wp-json\/wp\/v2\/comments?post=61610"}],"wp:attachment":[{"href":"https:\/\/www.power2max.com\/fr\/wp-json\/wp\/v2\/media?parent=61610"}],"wp:term":[{"taxonomy":"product_brand","embeddable":true,"href":"https:\/\/www.power2max.com\/fr\/wp-json\/wp\/v2\/product_brand?post=61610"},{"taxonomy":"product_cat","embeddable":true,"href":"https:\/\/www.power2max.com\/fr\/wp-json\/wp\/v2\/product_cat?post=61610"},{"taxonomy":"product_tag","embeddable":true,"href":"https:\/\/www.power2max.com\/fr\/wp-json\/wp\/v2\/product_tag?post=61610"},{"taxonomy":"model","embeddable":true,"href":"https:\/\/www.power2max.com\/fr\/wp-json\/wp\/v2\/model?post=61610"}],"curies":[{"name":"wp","href":"https:\/\/api.w.org\/{rel}","templated":true}]}}