{"id":59705,"date":"2023-05-09T19:03:20","date_gmt":"2023-05-10T11:38:09","guid":{"rendered":"https:\/\/www.power2max.com\/product\/activation-de-la-pedal-smoothness\/"},"modified":"2026-04-21T09:36:02","modified_gmt":"2026-04-21T09:36:02","slug":"activation-de-la-pedal-smoothness","status":"publish","type":"product","link":"https:\/\/www.power2max.com\/fr\/produit\/activation-de-la-pedal-smoothness\/","title":{"rendered":"Activation de la Pedal Smoothness"},"content":{"rendered":"<p>La Pedal Smoothness repr\u00e9sente la r\u00e9gularit\u00e9 de la transmission de force pendant un tour de cube. C&rsquo;est un bon indicateur du \u00ab\u00a0p\u00e9dalage rond\u00a0\u00bb. Avec cette option, la fonction Pedal Smoothness est install\u00e9e en usine sur ton powerm\u00e8tre.<\/p>\n","protected":false},"excerpt":{"rendered":"<p>La Pedal Smoothness repr\u00e9sente la r\u00e9gularit\u00e9 de la transmission de force pendant un tour de cube. C&rsquo;est un bon indicateur [&hellip;]<\/p>\n","protected":false},"featured_media":0,"comment_status":"open","ping_status":"closed","template":"","meta":[],"product_brand":[],"product_cat":[395],"product_tag":[],"model":[],"class_list":{"0":"post-59705","1":"product","2":"type-product","3":"status-publish","5":"product_cat-6-fr","7":"first","8":"instock","9":"taxable","10":"shipping-taxable","11":"purchasable","12":"product-type-variable"},"acf":[],"_links":{"self":[{"href":"https:\/\/www.power2max.com\/fr\/wp-json\/wp\/v2\/product\/59705","targetHints":{"allow":["GET"]}}],"collection":[{"href":"https:\/\/www.power2max.com\/fr\/wp-json\/wp\/v2\/product"}],"about":[{"href":"https:\/\/www.power2max.com\/fr\/wp-json\/wp\/v2\/types\/product"}],"replies":[{"embeddable":true,"href":"https:\/\/www.power2max.com\/fr\/wp-json\/wp\/v2\/comments?post=59705"}],"wp:attachment":[{"href":"https:\/\/www.power2max.com\/fr\/wp-json\/wp\/v2\/media?parent=59705"}],"wp:term":[{"taxonomy":"product_brand","embeddable":true,"href":"https:\/\/www.power2max.com\/fr\/wp-json\/wp\/v2\/product_brand?post=59705"},{"taxonomy":"product_cat","embeddable":true,"href":"https:\/\/www.power2max.com\/fr\/wp-json\/wp\/v2\/product_cat?post=59705"},{"taxonomy":"product_tag","embeddable":true,"href":"https:\/\/www.power2max.com\/fr\/wp-json\/wp\/v2\/product_tag?post=59705"},{"taxonomy":"model","embeddable":true,"href":"https:\/\/www.power2max.com\/fr\/wp-json\/wp\/v2\/model?post=59705"}],"curies":[{"name":"wp","href":"https:\/\/api.w.org\/{rel}","templated":true}]}}