{"id":59608,"date":"2023-05-08T09:46:46","date_gmt":"2023-05-08T09:46:46","guid":{"rendered":"https:\/\/www.power2max.com\/product\/ngeco-route-rotor-3dcapteur-de-puissance\/"},"modified":"2025-10-30T09:26:06","modified_gmt":"2025-10-30T09:26:06","slug":"ngeco-route-rotor-3dcapteur-de-puissance","status":"publish","type":"product","link":"https:\/\/www.power2max.com\/fr\/produit\/ngeco-route-rotor-3dcapteur-de-puissance\/","title":{"rendered":"NGeco Route Rotor 3D+capteur de puissance"},"content":{"rendered":"<p>L&rsquo;\u00e9toile, avec capteur de puissance NGeco Route Rotor 3D+ est le capteur de puissance pour tous les cyclistes qui utilisent d\u00e9j\u00e0 manivelles Rotor 3D+ \/ 3D30 \/ 3DF \/ Flow.<\/p>\n<p><strong>Nous proposons d\u00e9sormais ce p2m uniquement en BCD110 4S<\/strong>. Tous les autres BCD sont \u00e9puis\u00e9s !<\/p>\n<p><strong>Les fonctions Balance et Pedal Smoothness sont d\u00e9j\u00e0 activ\u00e9es.<\/strong><\/p>\n","protected":false},"excerpt":{"rendered":"<p>L&rsquo;\u00e9toile, avec capteur de puissance NGeco Route Rotor 3D+ est le capteur de puissance pour tous les cyclistes qui utilisent [&hellip;]<\/p>\n","protected":false},"featured_media":0,"comment_status":"open","ping_status":"closed","template":"","meta":[],"product_brand":[],"product_cat":[401,421],"product_tag":[],"model":[161],"class_list":{"0":"post-59608","1":"product","2":"type-product","3":"status-publish","5":"product_cat-12-fr","6":"product_cat-power-meter-fr","7":"model-rotor","9":"first","10":"instock","11":"taxable","12":"shipping-taxable","13":"purchasable","14":"product-type-simple"},"acf":[],"_links":{"self":[{"href":"https:\/\/www.power2max.com\/fr\/wp-json\/wp\/v2\/product\/59608","targetHints":{"allow":["GET"]}}],"collection":[{"href":"https:\/\/www.power2max.com\/fr\/wp-json\/wp\/v2\/product"}],"about":[{"href":"https:\/\/www.power2max.com\/fr\/wp-json\/wp\/v2\/types\/product"}],"replies":[{"embeddable":true,"href":"https:\/\/www.power2max.com\/fr\/wp-json\/wp\/v2\/comments?post=59608"}],"wp:attachment":[{"href":"https:\/\/www.power2max.com\/fr\/wp-json\/wp\/v2\/media?parent=59608"}],"wp:term":[{"taxonomy":"product_brand","embeddable":true,"href":"https:\/\/www.power2max.com\/fr\/wp-json\/wp\/v2\/product_brand?post=59608"},{"taxonomy":"product_cat","embeddable":true,"href":"https:\/\/www.power2max.com\/fr\/wp-json\/wp\/v2\/product_cat?post=59608"},{"taxonomy":"product_tag","embeddable":true,"href":"https:\/\/www.power2max.com\/fr\/wp-json\/wp\/v2\/product_tag?post=59608"},{"taxonomy":"model","embeddable":true,"href":"https:\/\/www.power2max.com\/fr\/wp-json\/wp\/v2\/model?post=59608"}],"curies":[{"name":"wp","href":"https:\/\/api.w.org\/{rel}","templated":true}]}}