{"id":59359,"date":"2023-04-19T09:37:32","date_gmt":"2023-04-19T09:37:32","guid":{"rendered":"https:\/\/www.power2max.com\/product\/ngeco-piste-rotor-power2max-edition-powermeter-set\/"},"modified":"2025-10-29T23:22:19","modified_gmt":"2025-10-29T23:22:19","slug":"ngeco-piste-rotor-power2max-edition-powermeter-set","status":"publish","type":"product","link":"https:\/\/www.power2max.com\/fr\/produit\/ngeco-piste-rotor-power2max-edition-powermeter-set\/","title":{"rendered":"NGeco Piste Rotor power2max Edition powermeter set"},"content":{"rendered":"<p>NGeco Rotor power2max Edition powermeter set vous offre une mesure de puissance professionnelle, enti\u00e8rement double face, \u00e0 un prix d&rsquo;entr\u00e9e de gamme. Avec un diam\u00e8tre du cercle de vis (BCD) de 144 mm, le powermeter est compatible avec tous les plateaux de piste courants et constitue un partenaire d&rsquo;entra\u00eenement indispensable, en particulier dans les disciplines d&rsquo;endurance. Le p\u00e9dalier Rotor power2max Edition est \u00e9quip\u00e9 d&rsquo;un axe routier normal de 24 mm.<\/p>\n<p>Le powermeter transmet la puissance totale (watts) des deux jambes et votre cadence via ANT+ ou Bluetooth (BLE) \u00e0 votre ordinateur de v\u00e9lo ou \u00e0 votre smartwatch\/montre sportive.<\/p>\n<p><b>Contenu de la livraison:<\/b> Powermeter Track avec BCD 144, p\u00e9dalier Rotor power2max Edition avec axe de route de 24 mm, batterie, bouchon de batterie, bague de couleur 2D, guide de d\u00e9marrage rapide<\/p>\n","protected":false},"excerpt":{"rendered":"<p>NGeco Rotor power2max Edition powermeter set vous offre une mesure de puissance professionnelle, enti\u00e8rement double face, \u00e0 un prix d&rsquo;entr\u00e9e [&hellip;]<\/p>\n","protected":false},"featured_media":0,"comment_status":"open","ping_status":"closed","template":"","meta":[],"product_brand":[],"product_cat":[409,421],"product_tag":[],"model":[161],"class_list":{"0":"post-59359","1":"product","2":"type-product","3":"status-publish","5":"product_cat-32-fr","6":"product_cat-power-meter-fr","7":"model-rotor","9":"first","10":"instock","11":"taxable","12":"shipping-taxable","13":"purchasable","14":"product-type-simple"},"acf":[],"_links":{"self":[{"href":"https:\/\/www.power2max.com\/fr\/wp-json\/wp\/v2\/product\/59359","targetHints":{"allow":["GET"]}}],"collection":[{"href":"https:\/\/www.power2max.com\/fr\/wp-json\/wp\/v2\/product"}],"about":[{"href":"https:\/\/www.power2max.com\/fr\/wp-json\/wp\/v2\/types\/product"}],"replies":[{"embeddable":true,"href":"https:\/\/www.power2max.com\/fr\/wp-json\/wp\/v2\/comments?post=59359"}],"wp:attachment":[{"href":"https:\/\/www.power2max.com\/fr\/wp-json\/wp\/v2\/media?parent=59359"}],"wp:term":[{"taxonomy":"product_brand","embeddable":true,"href":"https:\/\/www.power2max.com\/fr\/wp-json\/wp\/v2\/product_brand?post=59359"},{"taxonomy":"product_cat","embeddable":true,"href":"https:\/\/www.power2max.com\/fr\/wp-json\/wp\/v2\/product_cat?post=59359"},{"taxonomy":"product_tag","embeddable":true,"href":"https:\/\/www.power2max.com\/fr\/wp-json\/wp\/v2\/product_tag?post=59359"},{"taxonomy":"model","embeddable":true,"href":"https:\/\/www.power2max.com\/fr\/wp-json\/wp\/v2\/model?post=59359"}],"curies":[{"name":"wp","href":"https:\/\/api.w.org\/{rel}","templated":true}]}}