{"id":59358,"date":"2023-04-19T09:37:43","date_gmt":"2023-04-19T09:37:43","guid":{"rendered":"https:\/\/www.power2max.com\/product\/ng-piste-rotor-power2max-edition-avec-manivelles\/"},"modified":"2025-10-24T23:30:54","modified_gmt":"2025-10-24T23:30:54","slug":"ng-piste-rotor-power2max-edition-avec-manivelles","status":"publish","type":"product","link":"https:\/\/www.power2max.com\/fr\/produit\/ng-piste-rotor-power2max-edition-avec-manivelles\/","title":{"rendered":"NG Piste Rotor power2max Edition avec manivelles"},"content":{"rendered":"<p>Le set de puissance NG Piste Rotor power2max Edition, est l&rsquo;etoile NG avec capteur de puissance et les manivelles de aluminium Rotor power2max Edition avec axe en acier 24mm. Le capteur de puissance NG Piste a \u00e9t\u00e9 d\u00e9velopp\u00e9 pour les v\u00e9los de piste et les plateaux 144BCD.<\/p>\n","protected":false},"excerpt":{"rendered":"<p>Le set de puissance NG Piste Rotor power2max Edition, est l&rsquo;etoile NG avec capteur de puissance et les manivelles de [&hellip;]<\/p>\n","protected":false},"featured_media":0,"comment_status":"open","ping_status":"closed","template":"","meta":[],"product_brand":[],"product_cat":[408,421],"product_tag":[],"model":[],"class_list":{"0":"post-59358","1":"product","2":"type-product","3":"status-publish","5":"product_cat-31-fr","6":"product_cat-power-meter-fr","8":"first","9":"instock","10":"taxable","11":"shipping-taxable","12":"purchasable","13":"product-type-simple"},"acf":[],"_links":{"self":[{"href":"https:\/\/www.power2max.com\/fr\/wp-json\/wp\/v2\/product\/59358","targetHints":{"allow":["GET"]}}],"collection":[{"href":"https:\/\/www.power2max.com\/fr\/wp-json\/wp\/v2\/product"}],"about":[{"href":"https:\/\/www.power2max.com\/fr\/wp-json\/wp\/v2\/types\/product"}],"replies":[{"embeddable":true,"href":"https:\/\/www.power2max.com\/fr\/wp-json\/wp\/v2\/comments?post=59358"}],"wp:attachment":[{"href":"https:\/\/www.power2max.com\/fr\/wp-json\/wp\/v2\/media?parent=59358"}],"wp:term":[{"taxonomy":"product_brand","embeddable":true,"href":"https:\/\/www.power2max.com\/fr\/wp-json\/wp\/v2\/product_brand?post=59358"},{"taxonomy":"product_cat","embeddable":true,"href":"https:\/\/www.power2max.com\/fr\/wp-json\/wp\/v2\/product_cat?post=59358"},{"taxonomy":"product_tag","embeddable":true,"href":"https:\/\/www.power2max.com\/fr\/wp-json\/wp\/v2\/product_tag?post=59358"},{"taxonomy":"model","embeddable":true,"href":"https:\/\/www.power2max.com\/fr\/wp-json\/wp\/v2\/model?post=59358"}],"curies":[{"name":"wp","href":"https:\/\/api.w.org\/{rel}","templated":true}]}}