{"id":55953,"date":"2022-10-05T09:54:01","date_gmt":"2022-10-05T09:54:01","guid":{"rendered":"https:\/\/www.power2max.com\/product\/set-ng-g-x-rotor-aldhu-r-24\/"},"modified":"2025-10-24T23:29:57","modified_gmt":"2025-10-24T23:29:57","slug":"set-ng-g-x-rotor-aldhu-r-24-2","status":"publish","type":"product","link":"https:\/\/www.power2max.com\/fr\/produit\/set-ng-g-x-rotor-aldhu-r-24-2\/","title":{"rendered":"Set NG G-X Rotor ALDHU-R 24"},"content":{"rendered":"<p>Le set NG G-X Rotor power2max Edition se compose de notre Powermeter NG pour une mesure compl\u00e8te de la puissance des deux c\u00f4t\u00e9s et du p\u00e9dalier Rotor power2max Edition.<\/p>\n<p>Le Powermeter NG G-X est le meilleur compagnon sur le gravier et le tarmac pour mesurer la puissance totale des deux jambes. Notre version G-X est sp\u00e9cialement con\u00e7ue pour \u00eatre utilis\u00e9e avec les plateaux Shimano 1x ou 2x GRX. La batterie rechargeable int\u00e9gr\u00e9e a une autonomie d&rsquo;environ 80 heures de fonctionnement et peut \u00eatre recharg\u00e9e facilement \u00e0 l&rsquo;aide du c\u00e2ble de charge fourni. Le calibrage dynamique avec une pr\u00e9cision de +\/-1% fait partie de l&rsquo;\u00e9quipement standard au m\u00eame titre que la mesure de la cadence et la transmission des donn\u00e9es pour la r\u00e9partition gauche-droite et la douceur de p\u00e9dalage \u00e0 votre ordinateur de v\u00e9lo.<\/p>\n<p>Le p\u00e9dalier Rotor power2max Edition est sp\u00e9cialement con\u00e7u pour le standard de p\u00e9dalier Hollowtech II de Shimano et peut donc remplacer une manivelle GRX sans changement de roulement. La manivelle en aluminium est forg\u00e9e et perc\u00e9e en creux et est comparable \u00e0 la manivelle Ultegra de Shimano.<\/p>\n","protected":false},"excerpt":{"rendered":"<p>Le set NG G-X Rotor power2max Edition se compose de notre Powermeter NG pour une mesure compl\u00e8te de la puissance [&hellip;]<\/p>\n","protected":false},"featured_media":0,"comment_status":"open","ping_status":"closed","template":"","meta":[],"product_brand":[],"product_cat":[583,421],"product_tag":[],"model":[],"class_list":{"0":"post-55953","1":"product","2":"type-product","3":"status-publish","5":"product_cat-201-fr","6":"product_cat-power-meter-fr","8":"first","9":"instock","10":"taxable","11":"shipping-taxable","12":"purchasable","13":"product-type-simple"},"acf":[],"_links":{"self":[{"href":"https:\/\/www.power2max.com\/fr\/wp-json\/wp\/v2\/product\/55953","targetHints":{"allow":["GET"]}}],"collection":[{"href":"https:\/\/www.power2max.com\/fr\/wp-json\/wp\/v2\/product"}],"about":[{"href":"https:\/\/www.power2max.com\/fr\/wp-json\/wp\/v2\/types\/product"}],"replies":[{"embeddable":true,"href":"https:\/\/www.power2max.com\/fr\/wp-json\/wp\/v2\/comments?post=55953"}],"wp:attachment":[{"href":"https:\/\/www.power2max.com\/fr\/wp-json\/wp\/v2\/media?parent=55953"}],"wp:term":[{"taxonomy":"product_brand","embeddable":true,"href":"https:\/\/www.power2max.com\/fr\/wp-json\/wp\/v2\/product_brand?post=55953"},{"taxonomy":"product_cat","embeddable":true,"href":"https:\/\/www.power2max.com\/fr\/wp-json\/wp\/v2\/product_cat?post=55953"},{"taxonomy":"product_tag","embeddable":true,"href":"https:\/\/www.power2max.com\/fr\/wp-json\/wp\/v2\/product_tag?post=55953"},{"taxonomy":"model","embeddable":true,"href":"https:\/\/www.power2max.com\/fr\/wp-json\/wp\/v2\/model?post=55953"}],"curies":[{"name":"wp","href":"https:\/\/api.w.org\/{rel}","templated":true}]}}