{"id":55952,"date":"2022-10-05T10:17:20","date_gmt":"2022-10-05T10:17:20","guid":{"rendered":"https:\/\/www.power2max.com\/product\/set-ng-g-x-rotor-aldhu-r-24\/"},"modified":"2025-10-24T23:30:05","modified_gmt":"2025-10-24T23:30:05","slug":"set-ng-g-x-rotor-aldhu-r-24","status":"publish","type":"product","link":"https:\/\/www.power2max.com\/fr\/produit\/set-ng-g-x-rotor-aldhu-r-24\/","title":{"rendered":"Set NG G-X Rotor ALDHU-R 24"},"content":{"rendered":"<p>Le set NG G-X Rotor ALDHU-R 24 se compose de notre Powermeter NG pour une mesure compl\u00e8te de la puissance sur deux faces et du p\u00e9dalier Rotor ALDHU-R 24.<\/p>\n<p>Le Powermeter NG Gravel vous garantit une mesure de puissance de la plus haute qualit\u00e9 pour votre prochaine aventure dans le gravier. Notre version G-X est sp\u00e9cialement con\u00e7ue pour les plateaux Shimano GRX et compatible avec les plateaux 1x et 2x. La batterie rechargeable int\u00e9gr\u00e9e a une autonomie d&rsquo;environ 80 heures de fonctionnement et peut \u00eatre recharg\u00e9e facilement \u00e0 l&rsquo;aide du c\u00e2ble de charge fourni. Le calibrage dynamique avec une pr\u00e9cision de +\/-1% fait partie de l&rsquo;\u00e9quipement standard au m\u00eame titre que la mesure de la cadence et la transmission des donn\u00e9es pour l&rsquo;\u00e9quilibre gauche-droite et la douceur de p\u00e9dalage \u00e0 votre ordinateur de v\u00e9lo.<\/p>\n<p>Le p\u00e9dalier Rotor ALDHU-R 24 ne fait aucun compromis sur le poids et la rigidit\u00e9. La manivelle en aluminium usin\u00e9e par cnc et perc\u00e9e en creux est robuste et \u00e0 l&rsquo;aise aussi bien sur le gravier que sur le tarmac. L&rsquo;axe de 24 mm du p\u00e9dalier est compatible avec les bo\u00eetiers de p\u00e9dalier Shimano Hollowtech II.<\/p>\n","protected":false},"excerpt":{"rendered":"<p>Le set NG G-X Rotor ALDHU-R 24 se compose de notre Powermeter NG pour une mesure compl\u00e8te de la puissance [&hellip;]<\/p>\n","protected":false},"featured_media":0,"comment_status":"open","ping_status":"closed","template":"","meta":[],"product_brand":[],"product_cat":[583,421],"product_tag":[],"model":[],"class_list":{"0":"post-55952","1":"product","2":"type-product","3":"status-publish","5":"product_cat-201-fr","6":"product_cat-power-meter-fr","8":"first","9":"instock","10":"taxable","11":"shipping-taxable","12":"purchasable","13":"product-type-simple"},"acf":[],"_links":{"self":[{"href":"https:\/\/www.power2max.com\/fr\/wp-json\/wp\/v2\/product\/55952","targetHints":{"allow":["GET"]}}],"collection":[{"href":"https:\/\/www.power2max.com\/fr\/wp-json\/wp\/v2\/product"}],"about":[{"href":"https:\/\/www.power2max.com\/fr\/wp-json\/wp\/v2\/types\/product"}],"replies":[{"embeddable":true,"href":"https:\/\/www.power2max.com\/fr\/wp-json\/wp\/v2\/comments?post=55952"}],"wp:attachment":[{"href":"https:\/\/www.power2max.com\/fr\/wp-json\/wp\/v2\/media?parent=55952"}],"wp:term":[{"taxonomy":"product_brand","embeddable":true,"href":"https:\/\/www.power2max.com\/fr\/wp-json\/wp\/v2\/product_brand?post=55952"},{"taxonomy":"product_cat","embeddable":true,"href":"https:\/\/www.power2max.com\/fr\/wp-json\/wp\/v2\/product_cat?post=55952"},{"taxonomy":"product_tag","embeddable":true,"href":"https:\/\/www.power2max.com\/fr\/wp-json\/wp\/v2\/product_tag?post=55952"},{"taxonomy":"model","embeddable":true,"href":"https:\/\/www.power2max.com\/fr\/wp-json\/wp\/v2\/model?post=55952"}],"curies":[{"name":"wp","href":"https:\/\/api.w.org\/{rel}","templated":true}]}}