{"id":55005,"date":"2022-08-11T11:18:35","date_gmt":"2022-08-11T11:18:35","guid":{"rendered":"https:\/\/www.power2max.com\/product\/ngeco-vtt-sram-capteur-de-puissance-mono-plat-super-boost\/"},"modified":"2025-11-03T13:25:13","modified_gmt":"2025-11-03T13:25:13","slug":"ngeco-vtt-sram-capteur-de-puissance-mono-plat-super-boost","status":"publish","type":"product","link":"https:\/\/www.power2max.com\/fr\/produit\/ngeco-vtt-sram-capteur-de-puissance-mono-plat-super-boost\/","title":{"rendered":"NGeco VTT SRAM Capteur de Puissance Mono-plat (Super Boost)"},"content":{"rendered":"<p>Le NGeco VTT SRAM Capteur de Puissance Mono-plat (Super Boost) est con\u00e7u pour les manivelles SRAM et Truvativ qui utilisent la ligne de cha\u00eene Super Boost de 55mm et les plateaux sans offset (0mm Offset). Ce Powermeter utilise l&rsquo;interface SRAM avec 3 boulons pour monter le Spider ou un plateau Direct Mount.\u00a0Le powermeter remplace le plateau Direct Mount, pour cette raison un nouveau plateau avec BCD 104mm et les boulons de plateau correspondants sont n\u00e9cessaires.<\/p>\n<p><strong>Les deux fonctions \u00ab Balance \u00bb et \u00ab Pedal Smoothness \u00bb sont d\u00e9j\u00e0 activ\u00e9es.<\/strong><\/p>\n","protected":false},"excerpt":{"rendered":"<p>Le NGeco VTT SRAM Capteur de Puissance Mono-plat (Super Boost) est con\u00e7u pour les manivelles SRAM et Truvativ qui utilisent [&hellip;]<\/p>\n","protected":false},"featured_media":0,"comment_status":"open","ping_status":"closed","template":"","meta":[],"product_brand":[],"product_cat":[405,421],"product_tag":[],"model":[158],"class_list":{"0":"post-55005","1":"product","2":"type-product","3":"status-publish","5":"product_cat-22-fr","6":"product_cat-power-meter-fr","7":"model-sram","9":"first","10":"instock","11":"taxable","12":"shipping-taxable","13":"purchasable","14":"product-type-simple"},"acf":[],"_links":{"self":[{"href":"https:\/\/www.power2max.com\/fr\/wp-json\/wp\/v2\/product\/55005","targetHints":{"allow":["GET"]}}],"collection":[{"href":"https:\/\/www.power2max.com\/fr\/wp-json\/wp\/v2\/product"}],"about":[{"href":"https:\/\/www.power2max.com\/fr\/wp-json\/wp\/v2\/types\/product"}],"replies":[{"embeddable":true,"href":"https:\/\/www.power2max.com\/fr\/wp-json\/wp\/v2\/comments?post=55005"}],"wp:attachment":[{"href":"https:\/\/www.power2max.com\/fr\/wp-json\/wp\/v2\/media?parent=55005"}],"wp:term":[{"taxonomy":"product_brand","embeddable":true,"href":"https:\/\/www.power2max.com\/fr\/wp-json\/wp\/v2\/product_brand?post=55005"},{"taxonomy":"product_cat","embeddable":true,"href":"https:\/\/www.power2max.com\/fr\/wp-json\/wp\/v2\/product_cat?post=55005"},{"taxonomy":"product_tag","embeddable":true,"href":"https:\/\/www.power2max.com\/fr\/wp-json\/wp\/v2\/product_tag?post=55005"},{"taxonomy":"model","embeddable":true,"href":"https:\/\/www.power2max.com\/fr\/wp-json\/wp\/v2\/model?post=55005"}],"curies":[{"name":"wp","href":"https:\/\/api.w.org\/{rel}","templated":true}]}}