{"id":54938,"date":"2022-08-08T09:42:26","date_gmt":"2022-08-08T09:42:26","guid":{"rendered":"https:\/\/www.power2max.com\/product\/remplacement-par-accident-ngeco-campagnolo-gx-ng-road\/"},"modified":"2026-01-14T23:20:03","modified_gmt":"2026-01-14T23:20:03","slug":"remplacement-par-accident-ngeco-campagnolo-gx-ng-road","status":"publish","type":"product","link":"https:\/\/www.power2max.com\/fr\/produit\/remplacement-par-accident-ngeco-campagnolo-gx-ng-road\/","title":{"rendered":"Remplacement par accident NGeco Campagnolo\/GX &amp; NG Road"},"content":{"rendered":"<p>Ceci est l&rsquo;article de remplacement par accident pour les capteurs de puissance NGeco Campagnolo\/GX &amp; NG Road (BCD 110, 130, 110 4-S). Assurez-vous de contacter notre \u00e9quipe de support technique avant d&rsquo;acheter cet article. Si vous ne contactez pas notre \u00e9quipe de support technique, votre commande ne peut pas \u00eatre trait\u00e9e. Cet article admet seulement VIREMENT BANCAIRE comme m\u00e9thode de paiement.<\/p>\n<p>Suivez les instructions de notre \u00e9quipe de support technique et envoyez-nous votre capteur de puissance d\u00e9fectueux.<\/p>\n","protected":false},"excerpt":{"rendered":"<p>Ceci est l&rsquo;article de remplacement par accident pour les capteurs de puissance NGeco Campagnolo\/GX &amp; NG Road (BCD 110, 130, [&hellip;]<\/p>\n","protected":false},"featured_media":0,"comment_status":"open","ping_status":"closed","template":"","meta":[],"product_brand":[],"product_cat":[394],"product_tag":[],"model":[],"class_list":{"0":"post-54938","1":"product","2":"type-product","3":"status-publish","5":"product_cat-5-fr","7":"first","8":"instock","9":"taxable","10":"shipping-taxable","11":"purchasable","12":"product-type-simple"},"acf":[],"_links":{"self":[{"href":"https:\/\/www.power2max.com\/fr\/wp-json\/wp\/v2\/product\/54938","targetHints":{"allow":["GET"]}}],"collection":[{"href":"https:\/\/www.power2max.com\/fr\/wp-json\/wp\/v2\/product"}],"about":[{"href":"https:\/\/www.power2max.com\/fr\/wp-json\/wp\/v2\/types\/product"}],"replies":[{"embeddable":true,"href":"https:\/\/www.power2max.com\/fr\/wp-json\/wp\/v2\/comments?post=54938"}],"wp:attachment":[{"href":"https:\/\/www.power2max.com\/fr\/wp-json\/wp\/v2\/media?parent=54938"}],"wp:term":[{"taxonomy":"product_brand","embeddable":true,"href":"https:\/\/www.power2max.com\/fr\/wp-json\/wp\/v2\/product_brand?post=54938"},{"taxonomy":"product_cat","embeddable":true,"href":"https:\/\/www.power2max.com\/fr\/wp-json\/wp\/v2\/product_cat?post=54938"},{"taxonomy":"product_tag","embeddable":true,"href":"https:\/\/www.power2max.com\/fr\/wp-json\/wp\/v2\/product_tag?post=54938"},{"taxonomy":"model","embeddable":true,"href":"https:\/\/www.power2max.com\/fr\/wp-json\/wp\/v2\/model?post=54938"}],"curies":[{"name":"wp","href":"https:\/\/api.w.org\/{rel}","templated":true}]}}