{"id":54696,"date":"2022-07-28T12:19:41","date_gmt":"2022-07-28T12:19:41","guid":{"rendered":"https:\/\/www.power2max.com\/product\/set-ngeco-g-x-double-rotor-power2max-edition\/"},"modified":"2025-11-05T16:42:37","modified_gmt":"2025-11-05T16:42:37","slug":"set-ngeco-g-x-double-rotor-power2max-edition","status":"publish","type":"product","link":"https:\/\/www.power2max.com\/fr\/produit\/set-ngeco-g-x-double-rotor-power2max-edition\/","title":{"rendered":"Set NGeco G-X universale Rotor power2max Edition"},"content":{"rendered":"<p>Le set NGeco G-X Rotor power2max-Edition se compose de notre Powermeter NGeco pour une mesure compl\u00e8te de la puissance sur deux faces et du p\u00e9dalier Rotor power2max Edition.<\/p>\n<p><strong>Notre version G-X est sp\u00e9cialement con\u00e7ue pour \u00eatre utilis\u00e9e avec les plateaux Shimano 1x ou 2x GRX.<\/strong>\u00a0 Le p\u00e9dalier Rotor power2max-Edition est le meilleur compromis entre poids et prix. La manivelle en aluminium forg\u00e9 et perc\u00e9 creux est r\u00e9sistante et adapt\u00e9e \u00e0 toutes les aventures de gravel. L&rsquo;axe de 24 mm du p\u00e9dalier est compatible avec les bo\u00eetiers de p\u00e9dalier Shimano Hollowtech II.<\/p>\n<p><strong>Les fonctions \u00ab Balance \u00bb et \u00ab Pedal Smoothness \u00bb sont d\u00e9j\u00e0 activ\u00e9es.<\/strong><\/p>\n","protected":false},"excerpt":{"rendered":"<p>Le set NGeco G-X Rotor power2max-Edition se compose de notre Powermeter NGeco pour une mesure compl\u00e8te de la puissance sur [&hellip;]<\/p>\n","protected":false},"featured_media":0,"comment_status":"open","ping_status":"closed","template":"","meta":[],"product_brand":[],"product_cat":[584,421],"product_tag":[],"model":[552],"class_list":{"0":"post-54696","1":"product","2":"type-product","3":"status-publish","5":"product_cat-202-fr","6":"product_cat-power-meter-fr","7":"model-shimano","9":"first","10":"instock","11":"taxable","12":"shipping-taxable","13":"purchasable","14":"product-type-simple"},"acf":[],"_links":{"self":[{"href":"https:\/\/www.power2max.com\/fr\/wp-json\/wp\/v2\/product\/54696","targetHints":{"allow":["GET"]}}],"collection":[{"href":"https:\/\/www.power2max.com\/fr\/wp-json\/wp\/v2\/product"}],"about":[{"href":"https:\/\/www.power2max.com\/fr\/wp-json\/wp\/v2\/types\/product"}],"replies":[{"embeddable":true,"href":"https:\/\/www.power2max.com\/fr\/wp-json\/wp\/v2\/comments?post=54696"}],"wp:attachment":[{"href":"https:\/\/www.power2max.com\/fr\/wp-json\/wp\/v2\/media?parent=54696"}],"wp:term":[{"taxonomy":"product_brand","embeddable":true,"href":"https:\/\/www.power2max.com\/fr\/wp-json\/wp\/v2\/product_brand?post=54696"},{"taxonomy":"product_cat","embeddable":true,"href":"https:\/\/www.power2max.com\/fr\/wp-json\/wp\/v2\/product_cat?post=54696"},{"taxonomy":"product_tag","embeddable":true,"href":"https:\/\/www.power2max.com\/fr\/wp-json\/wp\/v2\/product_tag?post=54696"},{"taxonomy":"model","embeddable":true,"href":"https:\/\/www.power2max.com\/fr\/wp-json\/wp\/v2\/model?post=54696"}],"curies":[{"name":"wp","href":"https:\/\/api.w.org\/{rel}","templated":true}]}}