{"id":52819,"date":"2022-06-01T07:06:45","date_gmt":"2022-06-01T10:49:12","guid":{"rendered":"https:\/\/www.power2max.com\/product\/ng-cable-magnetique\/"},"modified":"2026-03-04T09:57:43","modified_gmt":"2026-03-04T09:57:43","slug":"ng-cable-magnetique","status":"publish","type":"product","link":"https:\/\/www.power2max.com\/fr\/produit\/ng-cable-magnetique\/","title":{"rendered":"NG c\u00e2ble magn\u00e9tique"},"content":{"rendered":"<p>C\u00e2ble USB pour charger le Powermeter NG avec connexion magn\u00e9tique. <\/p>\n<p>Attention : ce c\u00e2ble n&rsquo;est utilisable que pour les Powermeter NG \u00e0 partir du num\u00e9ro de s\u00e9rie 089195.<\/p>\n","protected":false},"excerpt":{"rendered":"<p>C\u00e2ble USB pour charger le Powermeter NG avec connexion magn\u00e9tique. Attention : ce c\u00e2ble n&rsquo;est utilisable que pour les Powermeter [&hellip;]<\/p>\n","protected":false},"featured_media":0,"comment_status":"open","ping_status":"closed","template":"","meta":[],"product_brand":[],"product_cat":[393,412],"product_tag":[],"model":[],"class_list":{"0":"post-52819","1":"product","2":"type-product","3":"status-publish","5":"product_cat-4-fr","6":"product_cat-42-fr","8":"first","9":"onbackorder","10":"taxable","11":"shipping-taxable","12":"purchasable","13":"product-type-variable"},"acf":[],"_links":{"self":[{"href":"https:\/\/www.power2max.com\/fr\/wp-json\/wp\/v2\/product\/52819","targetHints":{"allow":["GET"]}}],"collection":[{"href":"https:\/\/www.power2max.com\/fr\/wp-json\/wp\/v2\/product"}],"about":[{"href":"https:\/\/www.power2max.com\/fr\/wp-json\/wp\/v2\/types\/product"}],"replies":[{"embeddable":true,"href":"https:\/\/www.power2max.com\/fr\/wp-json\/wp\/v2\/comments?post=52819"}],"wp:attachment":[{"href":"https:\/\/www.power2max.com\/fr\/wp-json\/wp\/v2\/media?parent=52819"}],"wp:term":[{"taxonomy":"product_brand","embeddable":true,"href":"https:\/\/www.power2max.com\/fr\/wp-json\/wp\/v2\/product_brand?post=52819"},{"taxonomy":"product_cat","embeddable":true,"href":"https:\/\/www.power2max.com\/fr\/wp-json\/wp\/v2\/product_cat?post=52819"},{"taxonomy":"product_tag","embeddable":true,"href":"https:\/\/www.power2max.com\/fr\/wp-json\/wp\/v2\/product_tag?post=52819"},{"taxonomy":"model","embeddable":true,"href":"https:\/\/www.power2max.com\/fr\/wp-json\/wp\/v2\/model?post=52819"}],"curies":[{"name":"wp","href":"https:\/\/api.w.org\/{rel}","templated":true}]}}