{"id":52446,"date":"2022-04-25T10:00:20","date_gmt":"2022-04-25T10:00:20","guid":{"rendered":"https:\/\/www.power2max.com\/product\/anneau-colore-ngeco-2d\/"},"modified":"2026-04-15T00:49:34","modified_gmt":"2026-04-15T00:49:34","slug":"anneau-colore-ngeco-2d","status":"publish","type":"product","link":"https:\/\/www.power2max.com\/fr\/produit\/anneau-colore-ngeco-2d\/","title":{"rendered":"Anneau color\u00e9 NGeco 2D (asymetric)"},"content":{"rendered":"<p>L&rsquo;autocollant color\u00e9 NGeco 2D donne \u00e0 votre v\u00e9lo et \u00e0 votre powermeter power2max une touche individuelle. Choisissez une couleur qui vous convient, \u00e0 vous et \u00e0 votre v\u00e9lo. (Ne peut \u00eatre utilis\u00e9 que pour les wattm\u00e8tres NGeco portant le num\u00e9ro de s\u00e9rie 098563 ou sup\u00e9rieur).<\/p>\n","protected":false},"excerpt":{"rendered":"<p>L&rsquo;autocollant color\u00e9 NGeco 2D donne \u00e0 votre v\u00e9lo et \u00e0 votre powermeter power2max une touche individuelle. Choisissez une couleur qui [&hellip;]<\/p>\n","protected":false},"featured_media":0,"comment_status":"open","ping_status":"closed","template":"","meta":[],"product_brand":[],"product_cat":[393,412],"product_tag":[],"model":[],"class_list":{"0":"post-52446","1":"product","2":"type-product","3":"status-publish","5":"product_cat-4-fr","6":"product_cat-42-fr","8":"first","9":"instock","10":"taxable","11":"shipping-taxable","12":"purchasable","13":"product-type-variable"},"acf":[],"_links":{"self":[{"href":"https:\/\/www.power2max.com\/fr\/wp-json\/wp\/v2\/product\/52446","targetHints":{"allow":["GET"]}}],"collection":[{"href":"https:\/\/www.power2max.com\/fr\/wp-json\/wp\/v2\/product"}],"about":[{"href":"https:\/\/www.power2max.com\/fr\/wp-json\/wp\/v2\/types\/product"}],"replies":[{"embeddable":true,"href":"https:\/\/www.power2max.com\/fr\/wp-json\/wp\/v2\/comments?post=52446"}],"wp:attachment":[{"href":"https:\/\/www.power2max.com\/fr\/wp-json\/wp\/v2\/media?parent=52446"}],"wp:term":[{"taxonomy":"product_brand","embeddable":true,"href":"https:\/\/www.power2max.com\/fr\/wp-json\/wp\/v2\/product_brand?post=52446"},{"taxonomy":"product_cat","embeddable":true,"href":"https:\/\/www.power2max.com\/fr\/wp-json\/wp\/v2\/product_cat?post=52446"},{"taxonomy":"product_tag","embeddable":true,"href":"https:\/\/www.power2max.com\/fr\/wp-json\/wp\/v2\/product_tag?post=52446"},{"taxonomy":"model","embeddable":true,"href":"https:\/\/www.power2max.com\/fr\/wp-json\/wp\/v2\/model?post=52446"}],"curies":[{"name":"wp","href":"https:\/\/api.w.org\/{rel}","templated":true}]}}