{"id":50593,"date":"2022-02-05T13:40:13","date_gmt":"2022-02-07T20:59:27","guid":{"rendered":"https:\/\/www.power2max.com\/?post_type=product&#038;p=50593"},"modified":"2026-03-29T14:48:29","modified_gmt":"2026-03-29T14:48:29","slug":"power2max-vtt-boulon-de-protection","status":"publish","type":"product","link":"https:\/\/www.power2max.com\/fr\/produit\/power2max-vtt-boulon-de-protection\/","title":{"rendered":"power2max VTT boulon de protection"},"content":{"rendered":"<p>Le power2max VTT boulon de protection peut \u00eatre utilis\u00e9 avec tous les capteurs de puissance power2max NG et NGeco pour fournir une protection suppl\u00e9mentaire pour les manivelles et le capteur de puissance en cas de sortie de cha\u00eene.<\/p>\n","protected":false},"excerpt":{"rendered":"<p>Le power2max VTT boulon de protection peut \u00eatre utilis\u00e9 avec tous les capteurs de puissance power2max NG et NGeco pour [&hellip;]<\/p>\n","protected":false},"featured_media":0,"comment_status":"open","ping_status":"closed","template":"","meta":[],"product_brand":[],"product_cat":[393,412],"product_tag":[],"model":[],"class_list":{"0":"post-50593","1":"product","2":"type-product","3":"status-publish","5":"product_cat-4-fr","6":"product_cat-42-fr","8":"first","9":"instock","10":"taxable","11":"shipping-taxable","12":"purchasable","13":"product-type-variable"},"acf":[],"_links":{"self":[{"href":"https:\/\/www.power2max.com\/fr\/wp-json\/wp\/v2\/product\/50593","targetHints":{"allow":["GET"]}}],"collection":[{"href":"https:\/\/www.power2max.com\/fr\/wp-json\/wp\/v2\/product"}],"about":[{"href":"https:\/\/www.power2max.com\/fr\/wp-json\/wp\/v2\/types\/product"}],"replies":[{"embeddable":true,"href":"https:\/\/www.power2max.com\/fr\/wp-json\/wp\/v2\/comments?post=50593"}],"wp:attachment":[{"href":"https:\/\/www.power2max.com\/fr\/wp-json\/wp\/v2\/media?parent=50593"}],"wp:term":[{"taxonomy":"product_brand","embeddable":true,"href":"https:\/\/www.power2max.com\/fr\/wp-json\/wp\/v2\/product_brand?post=50593"},{"taxonomy":"product_cat","embeddable":true,"href":"https:\/\/www.power2max.com\/fr\/wp-json\/wp\/v2\/product_cat?post=50593"},{"taxonomy":"product_tag","embeddable":true,"href":"https:\/\/www.power2max.com\/fr\/wp-json\/wp\/v2\/product_tag?post=50593"},{"taxonomy":"model","embeddable":true,"href":"https:\/\/www.power2max.com\/fr\/wp-json\/wp\/v2\/model?post=50593"}],"curies":[{"name":"wp","href":"https:\/\/api.w.org\/{rel}","templated":true}]}}