{"id":43656,"date":"2021-03-10T09:44:06","date_gmt":"2021-03-10T09:44:06","guid":{"rendered":"https:\/\/www.power2max.com\/product\/ngeco-piste-rotor-aldhu-r-24-avec-manivelles\/"},"modified":"2025-10-29T23:22:18","modified_gmt":"2025-10-29T23:22:18","slug":"ngeco-piste-rotor-aldhu-r-24-avec-manivelles","status":"publish","type":"product","link":"https:\/\/www.power2max.com\/fr\/produit\/ngeco-piste-rotor-aldhu-r-24-avec-manivelles\/","title":{"rendered":"NGeco Piste Rotor ALDHU-R 24 avec manivelles"},"content":{"rendered":"<p>Le set de puissance NGeco Piste Rotor ALDHU, est l&rsquo;etoile NGeco avec capteur de puissance et les manivelles de aluminium Rotor ALDHU-R 24 avec axe en acier 24mm. Le capteur de puissance NGeco Piste a \u00e9t\u00e9 d\u00e9velopp\u00e9 pour les v\u00e9los de piste et les plateaux 144BCD.<\/p>\n","protected":false},"excerpt":{"rendered":"<p>Le set de puissance NGeco Piste Rotor ALDHU, est l&rsquo;etoile NGeco avec capteur de puissance et les manivelles de aluminium [&hellip;]<\/p>\n","protected":false},"featured_media":0,"comment_status":"open","ping_status":"closed","template":"","meta":[],"product_brand":[],"product_cat":[409,421],"product_tag":[],"model":[],"class_list":{"0":"post-43656","1":"product","2":"type-product","3":"status-publish","5":"product_cat-32-fr","6":"product_cat-power-meter-fr","8":"first","9":"instock","10":"taxable","11":"shipping-taxable","12":"purchasable","13":"product-type-simple"},"acf":[],"_links":{"self":[{"href":"https:\/\/www.power2max.com\/fr\/wp-json\/wp\/v2\/product\/43656","targetHints":{"allow":["GET"]}}],"collection":[{"href":"https:\/\/www.power2max.com\/fr\/wp-json\/wp\/v2\/product"}],"about":[{"href":"https:\/\/www.power2max.com\/fr\/wp-json\/wp\/v2\/types\/product"}],"replies":[{"embeddable":true,"href":"https:\/\/www.power2max.com\/fr\/wp-json\/wp\/v2\/comments?post=43656"}],"wp:attachment":[{"href":"https:\/\/www.power2max.com\/fr\/wp-json\/wp\/v2\/media?parent=43656"}],"wp:term":[{"taxonomy":"product_brand","embeddable":true,"href":"https:\/\/www.power2max.com\/fr\/wp-json\/wp\/v2\/product_brand?post=43656"},{"taxonomy":"product_cat","embeddable":true,"href":"https:\/\/www.power2max.com\/fr\/wp-json\/wp\/v2\/product_cat?post=43656"},{"taxonomy":"product_tag","embeddable":true,"href":"https:\/\/www.power2max.com\/fr\/wp-json\/wp\/v2\/product_tag?post=43656"},{"taxonomy":"model","embeddable":true,"href":"https:\/\/www.power2max.com\/fr\/wp-json\/wp\/v2\/model?post=43656"}],"curies":[{"name":"wp","href":"https:\/\/api.w.org\/{rel}","templated":true}]}}