{"id":43655,"date":"2021-03-10T09:44:13","date_gmt":"2021-03-10T09:44:13","guid":{"rendered":"https:\/\/www.power2max.com\/product\/ngeco-route-rotor-aldhu-r-24-avec-manivelles\/"},"modified":"2025-10-30T09:32:15","modified_gmt":"2025-10-30T09:32:15","slug":"ngeco-route-rotor-aldhu-r-24-avec-manivelles","status":"publish","type":"product","link":"https:\/\/www.power2max.com\/fr\/produit\/ngeco-route-rotor-aldhu-r-24-avec-manivelles\/","title":{"rendered":"NGeco Route Rotor ALDHU-R 24 avec manivelles"},"content":{"rendered":"<p>Le set NGeco Route Rotor ALDHU-R 24 est notre recommandation pour les cadres avec bo\u00eetier de p\u00e9dalier Shimano. Le kit comprend l&rsquo;\u00e9toile avec capteur de puissance NGeco et les manivelles Rotor ALDHU-R 24 avec un axe en acier de 24 mm.<\/p>\n<p>Avec les versions 110 4-S et 110 4-SL du Powermeter, il est \u00e9galement possible de continuer \u00e0 utiliser les plateaux de route Shimano existants pour conserver le confort de changement de vitesse. La version 110 4-SL permet \u00e9galement de gagner 30 g par rapport \u00e0 la version 110 4-S normale. Le suppl\u00e9ment pour la version 110 4-SL est de 100\u20ac (TVA incluse). Il est compatible avec le p\u00e9dalier Shimano Hollowtech 2.<\/p>\n<p><strong>Les fonctions \u00c9quilibre et Souplesse de la p\u00e9dale sont d\u00e9j\u00e0 activ\u00e9es.<\/strong><\/p>\n","protected":false},"excerpt":{"rendered":"<p>Le set NGeco Route Rotor ALDHU-R 24 est notre recommandation pour les cadres avec bo\u00eetier de p\u00e9dalier Shimano. Le kit [&hellip;]<\/p>\n","protected":false},"featured_media":0,"comment_status":"open","ping_status":"closed","template":"","meta":[],"product_brand":[],"product_cat":[401,421],"product_tag":[],"model":[],"class_list":{"0":"post-43655","1":"product","2":"type-product","3":"status-publish","5":"product_cat-12-fr","6":"product_cat-power-meter-fr","8":"first","9":"instock","10":"taxable","11":"shipping-taxable","12":"purchasable","13":"product-type-simple"},"acf":[],"_links":{"self":[{"href":"https:\/\/www.power2max.com\/fr\/wp-json\/wp\/v2\/product\/43655","targetHints":{"allow":["GET"]}}],"collection":[{"href":"https:\/\/www.power2max.com\/fr\/wp-json\/wp\/v2\/product"}],"about":[{"href":"https:\/\/www.power2max.com\/fr\/wp-json\/wp\/v2\/types\/product"}],"replies":[{"embeddable":true,"href":"https:\/\/www.power2max.com\/fr\/wp-json\/wp\/v2\/comments?post=43655"}],"wp:attachment":[{"href":"https:\/\/www.power2max.com\/fr\/wp-json\/wp\/v2\/media?parent=43655"}],"wp:term":[{"taxonomy":"product_brand","embeddable":true,"href":"https:\/\/www.power2max.com\/fr\/wp-json\/wp\/v2\/product_brand?post=43655"},{"taxonomy":"product_cat","embeddable":true,"href":"https:\/\/www.power2max.com\/fr\/wp-json\/wp\/v2\/product_cat?post=43655"},{"taxonomy":"product_tag","embeddable":true,"href":"https:\/\/www.power2max.com\/fr\/wp-json\/wp\/v2\/product_tag?post=43655"},{"taxonomy":"model","embeddable":true,"href":"https:\/\/www.power2max.com\/fr\/wp-json\/wp\/v2\/model?post=43655"}],"curies":[{"name":"wp","href":"https:\/\/api.w.org\/{rel}","templated":true}]}}