{"id":43654,"date":"2021-03-10T09:44:18","date_gmt":"2021-03-10T09:44:18","guid":{"rendered":"https:\/\/www.power2max.com\/product\/set-ng-gravel-rotor-aldhu-r-24\/"},"modified":"2025-10-24T23:30:03","modified_gmt":"2025-10-24T23:30:03","slug":"set-ng-gravel-rotor-aldhu-r-24","status":"publish","type":"product","link":"https:\/\/www.power2max.com\/fr\/produit\/set-ng-gravel-rotor-aldhu-r-24\/","title":{"rendered":"set NG Gravel Rotor ALDHU-R 24"},"content":{"rendered":"<p>Le set NG Gravel Rotor ALDHU-R 24 se compose de notre capteur de puissance NG pour mesurer la puissance totale des deux jambes, manivelles Rotor ALDHU-R 24 et d&rsquo;un kit de plateaux power2max Gravel pour les transmissions \u00e0 double plateau.<\/p>\n<p>Les manivelles Rotor ALDHU-R 24 avec son axe de 24mm de diam\u00e8tre est compatible avec les bo\u00eetiers Shimano Hollowtech 2 et permet une installation tr\u00e8s facile. C&rsquo;est le remplacement parfait pour les manivelles Shimano GRX. Les manivelles ALDHU-R 24 sont fabriqu\u00e9es en aluminium usin\u00e9 et sont creuses, ce qui leur conf\u00e8re des avantages de fabrication, un poids et une rigidit\u00e9 haut de gamme.<\/p>\n","protected":false},"excerpt":{"rendered":"<p>Le set NG Gravel Rotor ALDHU-R 24 se compose de notre capteur de puissance NG pour mesurer la puissance totale [&hellip;]<\/p>\n","protected":false},"featured_media":0,"comment_status":"open","ping_status":"closed","template":"","meta":[],"product_brand":[],"product_cat":[583,421],"product_tag":[],"model":[552],"class_list":{"0":"post-43654","1":"product","2":"type-product","3":"status-publish","5":"product_cat-201-fr","6":"product_cat-power-meter-fr","7":"model-shimano","9":"first","10":"instock","11":"taxable","12":"shipping-taxable","13":"purchasable","14":"product-type-simple"},"acf":[],"_links":{"self":[{"href":"https:\/\/www.power2max.com\/fr\/wp-json\/wp\/v2\/product\/43654","targetHints":{"allow":["GET"]}}],"collection":[{"href":"https:\/\/www.power2max.com\/fr\/wp-json\/wp\/v2\/product"}],"about":[{"href":"https:\/\/www.power2max.com\/fr\/wp-json\/wp\/v2\/types\/product"}],"replies":[{"embeddable":true,"href":"https:\/\/www.power2max.com\/fr\/wp-json\/wp\/v2\/comments?post=43654"}],"wp:attachment":[{"href":"https:\/\/www.power2max.com\/fr\/wp-json\/wp\/v2\/media?parent=43654"}],"wp:term":[{"taxonomy":"product_brand","embeddable":true,"href":"https:\/\/www.power2max.com\/fr\/wp-json\/wp\/v2\/product_brand?post=43654"},{"taxonomy":"product_cat","embeddable":true,"href":"https:\/\/www.power2max.com\/fr\/wp-json\/wp\/v2\/product_cat?post=43654"},{"taxonomy":"product_tag","embeddable":true,"href":"https:\/\/www.power2max.com\/fr\/wp-json\/wp\/v2\/product_tag?post=43654"},{"taxonomy":"model","embeddable":true,"href":"https:\/\/www.power2max.com\/fr\/wp-json\/wp\/v2\/model?post=43654"}],"curies":[{"name":"wp","href":"https:\/\/api.w.org\/{rel}","templated":true}]}}