{"id":43653,"date":"2021-03-10T09:44:37","date_gmt":"2021-03-10T09:44:37","guid":{"rendered":"https:\/\/www.power2max.com\/product\/ng-route-rotor-aldhu-r-24-avec-manivelles\/"},"modified":"2025-10-24T23:30:41","modified_gmt":"2025-10-24T23:30:41","slug":"ng-route-rotor-aldhu-r-24-avec-manivelles","status":"publish","type":"product","link":"https:\/\/www.power2max.com\/fr\/produit\/ng-route-rotor-aldhu-r-24-avec-manivelles\/","title":{"rendered":"NG Route Rotor ALDHU-R 24 avec manivelles"},"content":{"rendered":"<p>Le set NG Route Rotor ALDHU-R 24 est notre recommandation pour les cadres avec bo\u00eetier de p\u00e9dalier Shimano. Le kit comprend l&rsquo;\u00e9toile avec capteur de puissance NG et les manivelles Rotor ALDHU-R 24 avec un axe en acier de 24 mm. Avec la version 110 4-S et la version 110 4-SL du powermeter, il est \u00e9galement possible de continuer \u00e0 utiliser les plateaux Shimano 11speed et 12speed existants, ce qui permet de conserver les performances de changement de vitesse. La version 110 4-SL permet de gagner 30g par rapport \u00e0 la version 110 4-S normale pour un co\u00fbt suppl\u00e9mentaire de 100\u20ac (TVA incluse). Il est compatible avec le p\u00e9dalier Shimano Hollowtech 2.<\/p>\n<p><b>Contenu:<\/b> Capteur de puissance avec couvercle en silicone, Guide de d\u00e9marrage rapide, C\u00e2ble pour recharger, Anneau color\u00e9 2D, manivelles<\/p>\n","protected":false},"excerpt":{"rendered":"<p>Le set NG Route Rotor ALDHU-R 24 est notre recommandation pour les cadres avec bo\u00eetier de p\u00e9dalier Shimano. Le kit [&hellip;]<\/p>\n","protected":false},"featured_media":0,"comment_status":"open","ping_status":"closed","template":"","meta":[],"product_brand":[],"product_cat":[400,421],"product_tag":[],"model":[],"class_list":{"0":"post-43653","1":"product","2":"type-product","3":"status-publish","5":"product_cat-11-fr","6":"product_cat-power-meter-fr","8":"first","9":"instock","10":"taxable","11":"shipping-taxable","12":"purchasable","13":"product-type-simple"},"acf":[],"_links":{"self":[{"href":"https:\/\/www.power2max.com\/fr\/wp-json\/wp\/v2\/product\/43653","targetHints":{"allow":["GET"]}}],"collection":[{"href":"https:\/\/www.power2max.com\/fr\/wp-json\/wp\/v2\/product"}],"about":[{"href":"https:\/\/www.power2max.com\/fr\/wp-json\/wp\/v2\/types\/product"}],"replies":[{"embeddable":true,"href":"https:\/\/www.power2max.com\/fr\/wp-json\/wp\/v2\/comments?post=43653"}],"wp:attachment":[{"href":"https:\/\/www.power2max.com\/fr\/wp-json\/wp\/v2\/media?parent=43653"}],"wp:term":[{"taxonomy":"product_brand","embeddable":true,"href":"https:\/\/www.power2max.com\/fr\/wp-json\/wp\/v2\/product_brand?post=43653"},{"taxonomy":"product_cat","embeddable":true,"href":"https:\/\/www.power2max.com\/fr\/wp-json\/wp\/v2\/product_cat?post=43653"},{"taxonomy":"product_tag","embeddable":true,"href":"https:\/\/www.power2max.com\/fr\/wp-json\/wp\/v2\/product_tag?post=43653"},{"taxonomy":"model","embeddable":true,"href":"https:\/\/www.power2max.com\/fr\/wp-json\/wp\/v2\/model?post=43653"}],"curies":[{"name":"wp","href":"https:\/\/api.w.org\/{rel}","templated":true}]}}