{"id":38993,"date":"2020-09-21T15:53:14","date_gmt":"2020-09-21T16:47:42","guid":{"rendered":"https:\/\/www.power2max.com\/product\/manivelles-power2max-granfondo\/"},"modified":"2026-04-29T12:02:39","modified_gmt":"2026-04-29T12:02:39","slug":"manivelles-power2max-granfondo","status":"publish","type":"product","link":"https:\/\/www.power2max.com\/fr\/produit\/manivelles-power2max-granfondo\/","title":{"rendered":"Manivelles power2max GranFondo"},"content":{"rendered":"<p>Les manivelles power2max GranFondo sont en aluminium forg\u00e9 et sont le choix id\u00e9al pour les nouveaux cyclistes. Son poids et sa qualit\u00e9 sont au niveau des manivelles Shimano 105. Ces manivelles sont disponibles dans les tailles 165, 172,5 et 175mm.<\/p>\n","protected":false},"excerpt":{"rendered":"<p>Les manivelles power2max GranFondo sont en aluminium forg\u00e9 et sont le choix id\u00e9al pour les nouveaux cyclistes. Son poids et [&hellip;]<\/p>\n","protected":false},"featured_media":0,"comment_status":"open","ping_status":"closed","template":"","meta":[],"product_brand":[],"product_cat":[399],"product_tag":[],"model":[],"class_list":{"0":"post-38993","1":"product","2":"type-product","3":"status-publish","5":"product_cat-10-fr","7":"first","8":"instock","9":"taxable","10":"shipping-taxable","11":"purchasable","12":"product-type-variable"},"acf":[],"_links":{"self":[{"href":"https:\/\/www.power2max.com\/fr\/wp-json\/wp\/v2\/product\/38993","targetHints":{"allow":["GET"]}}],"collection":[{"href":"https:\/\/www.power2max.com\/fr\/wp-json\/wp\/v2\/product"}],"about":[{"href":"https:\/\/www.power2max.com\/fr\/wp-json\/wp\/v2\/types\/product"}],"replies":[{"embeddable":true,"href":"https:\/\/www.power2max.com\/fr\/wp-json\/wp\/v2\/comments?post=38993"}],"wp:attachment":[{"href":"https:\/\/www.power2max.com\/fr\/wp-json\/wp\/v2\/media?parent=38993"}],"wp:term":[{"taxonomy":"product_brand","embeddable":true,"href":"https:\/\/www.power2max.com\/fr\/wp-json\/wp\/v2\/product_brand?post=38993"},{"taxonomy":"product_cat","embeddable":true,"href":"https:\/\/www.power2max.com\/fr\/wp-json\/wp\/v2\/product_cat?post=38993"},{"taxonomy":"product_tag","embeddable":true,"href":"https:\/\/www.power2max.com\/fr\/wp-json\/wp\/v2\/product_tag?post=38993"},{"taxonomy":"model","embeddable":true,"href":"https:\/\/www.power2max.com\/fr\/wp-json\/wp\/v2\/model?post=38993"}],"curies":[{"name":"wp","href":"https:\/\/api.w.org\/{rel}","templated":true}]}}