{"id":38968,"date":"2020-09-21T15:09:43","date_gmt":"2020-09-21T15:09:43","guid":{"rendered":"https:\/\/www.power2max.com\/product\/ng-road-power2max-granfondo-set-2\/"},"modified":"2025-10-24T23:30:33","modified_gmt":"2025-10-24T23:30:33","slug":"ng-road-power2max-granfondo-set-2","status":"publish","type":"product","link":"https:\/\/www.power2max.com\/fr\/produit\/ng-road-power2max-granfondo-set-2\/","title":{"rendered":"NG Road power2max GranFondo Set"},"content":{"rendered":"<p>Le capteur de puissance power2max NG avec manivelles power2max GranFondo est le d\u00e9but id\u00e9al pour l&rsquo;entra\u00eenement de puissance pour votre v\u00e9lo de route. <\/p>\n<p>Notre NG a fait ses preuves sur le World Tour et a aid\u00e9 de nombreux professionnels \u00e0 remporter de grandes victoires dans les courses les plus importantes du monde. Comme tous les capteurs de puissance power2max, le NG mesure la puissance totale que vous effectuez avec les deux jambes et la cadence sans avoir besoin d&rsquo;un capteur suppl\u00e9mentaire. Les manivelles power2max GranFondo sont en aluminium forg\u00e9 et p\u00e8sent 724g avec le capteur de puissance. Cela en fait le premier choix pour les cyclistes qui appr\u00e9cient un excellent rapport qualit\u00e9-prix ou qui recherchent un capteur de puissance double qui mesure les deux jambes avec un excellent rapport qualit\u00e9-prix. <\/p>\n<p>Les manivelles power2max GranFondo a un diam\u00e8tre de 24mm et a \u00e9t\u00e9 d\u00e9velopp\u00e9 pour \u00eatre enti\u00e8rement compatible avec les bo\u00eetiers de p\u00e9dalier Shimano Hollowtech II et permet donc un remplacement rapide et facile de toutes les manivelles de route Shimano. Si vous souhaitez continuer \u00e0 utiliser vos plateaux Shimano Dura Ace, Ultegra ou 105 avec 4 vis, vous pouvez choisir notre version 110-4S. Cette configuration vous permet de continuer \u00e0 avoir des performances de transmission optimales.<\/p>\n<p><b>Contenu:<\/b> Capteur de puissance avec couvercle en silicone, Guide de d\u00e9marrage rapide, C\u00e2ble pour recharger, Anneau color\u00e9 2D, manivelles<\/p>\n","protected":false},"excerpt":{"rendered":"<p>Le capteur de puissance power2max NG avec manivelles power2max GranFondo est le d\u00e9but id\u00e9al pour l&rsquo;entra\u00eenement de puissance pour votre [&hellip;]<\/p>\n","protected":false},"featured_media":0,"comment_status":"open","ping_status":"closed","template":"","meta":[],"product_brand":[],"product_cat":[400,421],"product_tag":[],"model":[552],"class_list":{"0":"post-38968","1":"product","2":"type-product","3":"status-publish","5":"product_cat-11-fr","6":"product_cat-power-meter-fr","7":"model-shimano","9":"first","10":"instock","11":"taxable","12":"shipping-taxable","13":"purchasable","14":"product-type-simple"},"acf":[],"_links":{"self":[{"href":"https:\/\/www.power2max.com\/fr\/wp-json\/wp\/v2\/product\/38968","targetHints":{"allow":["GET"]}}],"collection":[{"href":"https:\/\/www.power2max.com\/fr\/wp-json\/wp\/v2\/product"}],"about":[{"href":"https:\/\/www.power2max.com\/fr\/wp-json\/wp\/v2\/types\/product"}],"replies":[{"embeddable":true,"href":"https:\/\/www.power2max.com\/fr\/wp-json\/wp\/v2\/comments?post=38968"}],"wp:attachment":[{"href":"https:\/\/www.power2max.com\/fr\/wp-json\/wp\/v2\/media?parent=38968"}],"wp:term":[{"taxonomy":"product_brand","embeddable":true,"href":"https:\/\/www.power2max.com\/fr\/wp-json\/wp\/v2\/product_brand?post=38968"},{"taxonomy":"product_cat","embeddable":true,"href":"https:\/\/www.power2max.com\/fr\/wp-json\/wp\/v2\/product_cat?post=38968"},{"taxonomy":"product_tag","embeddable":true,"href":"https:\/\/www.power2max.com\/fr\/wp-json\/wp\/v2\/product_tag?post=38968"},{"taxonomy":"model","embeddable":true,"href":"https:\/\/www.power2max.com\/fr\/wp-json\/wp\/v2\/model?post=38968"}],"curies":[{"name":"wp","href":"https:\/\/api.w.org\/{rel}","templated":true}]}}