{"id":36947,"date":"2020-07-27T14:05:46","date_gmt":"2020-07-27T14:05:46","guid":{"rendered":"https:\/\/www.power2max.com\/product\/anneau-colore-ng-ngeco\/"},"modified":"2026-04-15T01:07:28","modified_gmt":"2026-04-15T01:07:28","slug":"anneau-colore-ng-ngeco","status":"publish","type":"product","link":"https:\/\/www.power2max.com\/fr\/produit\/anneau-colore-ng-ngeco\/","title":{"rendered":"Anneau color\u00e9 NG\/NGeco 2D"},"content":{"rendered":"<p>Anneau color\u00e9 NG\/NGeco 2D est votre chance d&rsquo;obtenir votre couleur pr\u00e9f\u00e9r\u00e9e dans votre capteur de puissance power2max NG\/NGeco. La d\u00e9calcomanie de couleur 2D peut \u00eatre utilis\u00e9e sur tous les mod\u00e8les NG et sur les mod\u00e8les NGeco jusqu&rsquo;au num\u00e9ro de s\u00e9rie 098563.<\/p>\n","protected":false},"excerpt":{"rendered":"<p>Anneau color\u00e9 NG\/NGeco 2D est votre chance d&rsquo;obtenir votre couleur pr\u00e9f\u00e9r\u00e9e dans votre capteur de puissance power2max NG\/NGeco. La d\u00e9calcomanie [&hellip;]<\/p>\n","protected":false},"featured_media":0,"comment_status":"open","ping_status":"closed","template":"","meta":[],"product_brand":[],"product_cat":[393,412],"product_tag":[],"model":[],"class_list":{"0":"post-36947","1":"product","2":"type-product","3":"status-publish","5":"product_cat-4-fr","6":"product_cat-42-fr","8":"first","9":"instock","10":"taxable","11":"shipping-taxable","12":"purchasable","13":"product-type-variable"},"acf":[],"_links":{"self":[{"href":"https:\/\/www.power2max.com\/fr\/wp-json\/wp\/v2\/product\/36947","targetHints":{"allow":["GET"]}}],"collection":[{"href":"https:\/\/www.power2max.com\/fr\/wp-json\/wp\/v2\/product"}],"about":[{"href":"https:\/\/www.power2max.com\/fr\/wp-json\/wp\/v2\/types\/product"}],"replies":[{"embeddable":true,"href":"https:\/\/www.power2max.com\/fr\/wp-json\/wp\/v2\/comments?post=36947"}],"wp:attachment":[{"href":"https:\/\/www.power2max.com\/fr\/wp-json\/wp\/v2\/media?parent=36947"}],"wp:term":[{"taxonomy":"product_brand","embeddable":true,"href":"https:\/\/www.power2max.com\/fr\/wp-json\/wp\/v2\/product_brand?post=36947"},{"taxonomy":"product_cat","embeddable":true,"href":"https:\/\/www.power2max.com\/fr\/wp-json\/wp\/v2\/product_cat?post=36947"},{"taxonomy":"product_tag","embeddable":true,"href":"https:\/\/www.power2max.com\/fr\/wp-json\/wp\/v2\/product_tag?post=36947"},{"taxonomy":"model","embeddable":true,"href":"https:\/\/www.power2max.com\/fr\/wp-json\/wp\/v2\/model?post=36947"}],"curies":[{"name":"wp","href":"https:\/\/api.w.org\/{rel}","templated":true}]}}