{"id":36911,"date":"2020-07-27T14:21:45","date_gmt":"2020-07-27T14:21:45","guid":{"rendered":"https:\/\/www.power2max.com\/product\/set-ngeco-gravel-rotor-direct-mount\/"},"modified":"2025-11-06T06:17:02","modified_gmt":"2025-11-06T06:17:02","slug":"set-ngeco-gravel-rotor-direct-mount","status":"publish","type":"product","link":"https:\/\/www.power2max.com\/fr\/produit\/set-ngeco-gravel-rotor-direct-mount\/","title":{"rendered":"set NGeco Gravel Rotor Direct Mount"},"content":{"rendered":"<p>Le set NGeco Gravel Rotor Direct Mount se compose de notre capteur de puissance NGeco pour mesurer la puissance totale des deux jambes et d&rsquo;un kit de plateaux power2max Gravel pour deux plateaux.<\/p>\n<p>Ce capteur de puissance est le partenaire d&rsquo;entra\u00eenement id\u00e9al pour les cyclistes qui ont d\u00e9j\u00e0 des manivelles Rotor ALDHU3D+, ALDHU carbon, ALDHU24, p2m Edition\u00a0 ou Vegast pour leurs aventures Gravel.<\/p>\n<p><strong>Les deux fonctions Balance et Pedal Smoothness sont d\u00e9j\u00e0 activ\u00e9es.<\/strong><\/p>\n","protected":false},"excerpt":{"rendered":"<p>Le set NGeco Gravel Rotor Direct Mount se compose de notre capteur de puissance NGeco pour mesurer la puissance totale [&hellip;]<\/p>\n","protected":false},"featured_media":0,"comment_status":"open","ping_status":"closed","template":"","meta":[],"product_brand":[],"product_cat":[584,421],"product_tag":[],"model":[161],"class_list":{"0":"post-36911","1":"product","2":"type-product","3":"status-publish","5":"product_cat-202-fr","6":"product_cat-power-meter-fr","7":"model-rotor","9":"first","10":"instock","11":"taxable","12":"shipping-taxable","13":"purchasable","14":"product-type-simple"},"acf":[],"_links":{"self":[{"href":"https:\/\/www.power2max.com\/fr\/wp-json\/wp\/v2\/product\/36911","targetHints":{"allow":["GET"]}}],"collection":[{"href":"https:\/\/www.power2max.com\/fr\/wp-json\/wp\/v2\/product"}],"about":[{"href":"https:\/\/www.power2max.com\/fr\/wp-json\/wp\/v2\/types\/product"}],"replies":[{"embeddable":true,"href":"https:\/\/www.power2max.com\/fr\/wp-json\/wp\/v2\/comments?post=36911"}],"wp:attachment":[{"href":"https:\/\/www.power2max.com\/fr\/wp-json\/wp\/v2\/media?parent=36911"}],"wp:term":[{"taxonomy":"product_brand","embeddable":true,"href":"https:\/\/www.power2max.com\/fr\/wp-json\/wp\/v2\/product_brand?post=36911"},{"taxonomy":"product_cat","embeddable":true,"href":"https:\/\/www.power2max.com\/fr\/wp-json\/wp\/v2\/product_cat?post=36911"},{"taxonomy":"product_tag","embeddable":true,"href":"https:\/\/www.power2max.com\/fr\/wp-json\/wp\/v2\/product_tag?post=36911"},{"taxonomy":"model","embeddable":true,"href":"https:\/\/www.power2max.com\/fr\/wp-json\/wp\/v2\/model?post=36911"}],"curies":[{"name":"wp","href":"https:\/\/api.w.org\/{rel}","templated":true}]}}